{"id":3052,"date":"2024-03-28T08:55:23","date_gmt":"2024-03-28T08:55:23","guid":{"rendered":"https:\/\/www.king.it\/?page_id=3052"},"modified":"2024-08-27T11:04:40","modified_gmt":"2024-08-27T11:04:40","slug":"lavorazioni","status":"publish","type":"page","link":"https:\/\/www.king.it\/it\/lavorazioni","title":{"rendered":"Lavorazioni"},"content":{"rendered":"<div class=\"wpb-content-wrapper\"><p>[vc_row full_width=&#8221;stretch_row_content&#8221; content_placement=&#8221;middle&#8221; css=&#8221;.vc_custom_1721826045229{background-image: url(https:\/\/www.king.it\/wp-content\/uploads\/2024\/07\/1_king_lavorazioni_3.jpg?id=4658) !important;background-position: center !important;background-repeat: no-repeat !important;background-size: cover !important;}&#8221; el_class=&#8221;banner_copertina&#8221;][vc_column css=&#8221;.vc_custom_1711624547439{background-position: center !important;background-repeat: no-repeat !important;background-size: cover !important;}&#8221;][vc_custom_heading text=&#8221;LAVORAZIONI&#8221; font_container=&#8221;tag:h1|text_align:center&#8221; use_theme_fonts=&#8221;yes&#8221; css=&#8221;.vc_custom_1721826027231{margin-bottom: 30px !important;}&#8221; el_class=&#8221;titolo_headpagina&#8221;][vc_column_text el_class=&#8221;sottitolo_headpagina&#8221;]Cura artigianale e innovazione tecnologica nella produzione di calzature di alta qualit\u00e0[\/vc_column_text][\/vc_column][\/vc_row][vc_row full_width=&#8221;stretch_row_content_no_spaces&#8221; equal_height=&#8221;yes&#8221; content_placement=&#8221;middle&#8221; el_class=&#8221;mtop-60 riga_lavorazioni myreverse ptop&#8221;][vc_column width=&#8221;1\/2&#8243; el_class=&#8221;colfotobg_lavorazioni&#8221; css=&#8221;.vc_custom_1721826261812{background-image: url(https:\/\/www.king.it\/wp-content\/uploads\/2024\/07\/1_king_lavorazioni_tinto-in-capo.jpg?id=4693) !important;background-position: center !important;background-repeat: no-repeat !important;background-size: contain !important;}&#8221;][\/vc_column][vc_column width=&#8221;1\/2&#8243; el_class=&#8221;colfotobg_lavorazioni&#8221;][vc_custom_heading text=&#8221;TINTO IN CAPO&#8221; font_container=&#8221;tag:h2|text_align:center&#8221; use_theme_fonts=&#8221;yes&#8221; el_class=&#8221;titoloh5_brown&#8221;][vc_column_text el_class=&#8221;paragrafo_blocco&#8221;]<\/p>\n<p class=\"p1\" style=\"text-align: center;\">La tintura in capo \u00e8 una pregiata lavorazione che permette di colorare la scarpa dopo che \u00e8 stata costruita e completarla con un lungo processo di finissaggio. In questo modo ogni scarpa \u00e8 caratterizzata da sfumature di colore che le rendono diverse l&#8217;una dall&#8217;altra.<\/p>\n<p class=\"p1\" style=\"text-align: center;\">La scarpa tinta in capo mantiene un&#8217;eccezionale morbidezza e un fascino vintage, \u00e8 unica ed esclusiva nella sua imperfezione, e il tempo che passa le conferisce un valore aggiunto e una bellezza dall&#8217;anima &#8220;vissuta&#8221;<\/p>\n<p>[\/vc_column_text][\/vc_column][\/vc_row][vc_row full_width=&#8221;stretch_row_content_no_spaces&#8221; equal_height=&#8221;yes&#8221; content_placement=&#8221;middle&#8221; el_class=&#8221;riga_lavorazioni&#8221;][vc_column width=&#8221;1\/2&#8243; el_class=&#8221;colfotobg_lavorazioni&#8221;][vc_custom_heading text=&#8221;TUFFATO E LAVAGGIO A PIETRA&#8221; font_container=&#8221;tag:h2|text_align:center&#8221; use_theme_fonts=&#8221;yes&#8221; el_class=&#8221;titoloh5_brown&#8221;][vc_column_text el_class=&#8221;paragrafo_blocco&#8221;]<\/p>\n<p class=\"p1\" style=\"text-align: center;\">Grazie alla tecnica stonewashed le scarpe vengono &#8220;tuffate&#8221; nel colore in apposite vasche e successivamente lavate con pietre pomici. Il risultato rende la scarpa pi\u00f9 attraente, resistente e durevole, offrendo un mix di comfort ed eleganza.<\/p>\n<p class=\"p1\" style=\"text-align: center;\">Grazie al lungo processo di finissaggio, la calzatura risplende con una lucentezza unica.<\/p>\n<p>[\/vc_column_text][\/vc_column][vc_column width=&#8221;1\/2&#8243; el_class=&#8221;colfotobg_lavorazioni&#8221; css=&#8221;.vc_custom_1721826267848{background-image: url(https:\/\/www.king.it\/wp-content\/uploads\/2024\/07\/2_king_lavorazioni_lavaggio-a-pietra.jpg?id=4694) !important;background-position: center !important;background-repeat: no-repeat !important;background-size: contain !important;}&#8221;][\/vc_column][\/vc_row][vc_row full_width=&#8221;stretch_row_content_no_spaces&#8221; equal_height=&#8221;yes&#8221; content_placement=&#8221;middle&#8221; el_class=&#8221;riga_lavorazioni myreverse&#8221;][vc_column width=&#8221;1\/2&#8243; el_class=&#8221;colfotobg_lavorazioni&#8221; css=&#8221;.vc_custom_1721826274170{background-image: url(https:\/\/www.king.it\/wp-content\/uploads\/2024\/07\/3_king_lavorazioni_a-sacchetto.jpg?id=4695) !important;background-position: center !important;background-repeat: no-repeat !important;background-size: contain !important;}&#8221;][\/vc_column][vc_column width=&#8221;1\/2&#8243; el_class=&#8221;colfotobg_lavorazioni&#8221;][vc_custom_heading text=&#8221;A SACCHETTO&#8221; font_container=&#8221;tag:h2|text_align:center&#8221; use_theme_fonts=&#8221;yes&#8221; el_class=&#8221;titoloh5_brown&#8221;][vc_column_text el_class=&#8221;paragrafo_blocco&#8221;]<\/p>\n<p class=\"p1\" style=\"text-align: center;\">Il metodo &#8220;a sacchetto&#8221; nella lavorazione delle calzature implica la creazione di una fodera cucita intorno alla forma della scarpa, simile a un guanto su misura o a un sacchetto. Tra suola e fodera, viene inserito un materiale imbottito traspirante per assorbire gli urti, garantendo solidit\u00e0 e comfort al prodotto finito.<\/p>\n<p>[\/vc_column_text][\/vc_column][\/vc_row][vc_row full_width=&#8221;stretch_row_content_no_spaces&#8221; equal_height=&#8221;yes&#8221; content_placement=&#8221;middle&#8221; el_class=&#8221;riga_lavorazioni&#8221;][vc_column width=&#8221;1\/2&#8243; el_class=&#8221;colfotobg_lavorazioni&#8221;][vc_custom_heading text=&#8221;BLAKE&#8221; font_container=&#8221;tag:h2|text_align:center&#8221; use_theme_fonts=&#8221;yes&#8221; el_class=&#8221;titoloh5_brown&#8221;][vc_column_text el_class=&#8221;paragrafo_blocco&#8221;]<\/p>\n<p class=\"p1\" style=\"text-align: center;\">Con il metodo Blake, la suola, il sottopiede e la tomaia vengono assemblati in un singolo passaggio attraverso una cucitura. Il risultato \u00e8 una calzatura dall&#8217;estetica impeccabile, resistente e confortevole.<\/p>\n<p>[\/vc_column_text][\/vc_column][vc_column width=&#8221;1\/2&#8243; el_class=&#8221;colfotobg_lavorazioni&#8221; css=&#8221;.vc_custom_1721826281726{background-image: url(https:\/\/www.king.it\/wp-content\/uploads\/2024\/07\/4_king_lavorazioni_blake.jpg?id=4696) !important;background-position: center !important;background-repeat: no-repeat !important;background-size: contain !important;}&#8221;][\/vc_column][\/vc_row][vc_row full_width=&#8221;stretch_row_content_no_spaces&#8221; equal_height=&#8221;yes&#8221; content_placement=&#8221;middle&#8221; css=&#8221;.vc_custom_1724750308796{margin-bottom: 60px !important;}&#8221; el_class=&#8221;riga_lavorazioni myreverse&#8221;][vc_column width=&#8221;1\/2&#8243; el_class=&#8221;colfotobg_artigianalita&#8221; css=&#8221;.vc_custom_1721826288548{background-image: url(https:\/\/www.king.it\/wp-content\/uploads\/2024\/07\/5_king_lavorazioni_strobel.jpg?id=4697) !important;background-position: center !important;background-repeat: no-repeat !important;background-size: contain !important;}&#8221;][\/vc_column][vc_column width=&#8221;1\/2&#8243; el_class=&#8221;colfotobg_lavorazioni&#8221;][vc_custom_heading text=&#8221;STROBEL&#8221; font_container=&#8221;tag:h2|text_align:center&#8221; use_theme_fonts=&#8221;yes&#8221; el_class=&#8221;titoloh5_brown&#8221;][vc_column_text el_class=&#8221;paragrafo_blocco&#8221;]<\/p>\n<p class=\"p1\" style=\"text-align: center;\">Realizzata con macchinari appositamente concepiti, questa speciale cucitura permette di unire la tomaia al sottopiede. La costruzione Strobel contribuisce alla riduzione del peso, rendendo questa lavorazione particolarmente idonea a garantire un comfort superiore.<\/p>\n<p>[\/vc_column_text][\/vc_column][\/vc_row][vc_row full_width=&#8221;stretch_row_content&#8221; content_placement=&#8221;middle&#8221; css=&#8221;.vc_custom_1722930887060{background-position: center !important;background-repeat: no-repeat !important;background-size: cover !important;}&#8221; el_class=&#8221;owlcarousel_lavorazioni&#8221;][vc_column]\n<script src=\"https:\/\/cdnjs.cloudflare.com\/ajax\/libs\/jquery.imagesloaded\/4.1.4\/imagesloaded.pkgd.min.js\"><\/script>\n\n\n\t<script>\n\n\n(function($){\n    $(window).load(function() {\n        $('#real_carousel').imagesLoaded(function() {\n            $('#real_carousel .owl-carousel').owlCarousel({\n                margin:10,\n                loop:true,\n                autoplay:true,\n                items:1,\n                nav:true,\n                responsive:{\n                    0:{\n                        items:1\n                    },\n                    600:{\n                        items:1                    },\n                    1000:{\n                        items:1                    }\n                }\n            });\n        });\n    });\n})(jQuery);\n\n\n<\/script>\n\n\n\t<div id=\"real_carousel\">\n\t<div class=\"owl-carousel owl-theme\">\n\n\t\n\t\t<div class=\"item\" style=\"background-image:url('https:\/\/www.king.it\/wp-content\/uploads\/2024\/07\/1_king_lavorazioni_1.jpg');\"><\/div>\n\n\t\n\t\t<div class=\"item\" style=\"background-image:url('https:\/\/www.king.it\/wp-content\/uploads\/2024\/07\/1_king_lavorazioni_2.jpg');\"><\/div>\n\n\t\n\t\t<div class=\"item\" style=\"background-image:url('https:\/\/www.king.it\/wp-content\/uploads\/2024\/07\/1_king_lavorazioni_3.jpg');\"><\/div>\n\n\t\n\t<\/div>\n\t<\/div>\n\n[\/vc_column][\/vc_row]<\/p>\n<\/div>","protected":false},"excerpt":{"rendered":"<p>[vc_row full_width=&#8221;stretch_row_content&#8221; content_placement=&#8221;middle&#8221; css=&#8221;.vc_custom_1721826045229{background-image: url(https:\/\/www.king.it\/wp-content\/uploads\/2024\/07\/1_king_lavorazioni_3.jpg?id=4658) !important;background-position: center !important;background-repeat: no-repeat !important;background-size: cover !important;}&#8221; el_class=&#8221;banner_copertina&#8221;][vc_column css=&#8221;.vc_custom_1711624547439{background-position: center !important;background-repeat: no-repeat !important;background-size: cover !important;}&#8221;][vc_custom_heading text=&#8221;LAVORAZIONI&#8221; font_container=&#8221;tag:h1|text_align:center&#8221; use_theme_fonts=&#8221;yes&#8221; css=&#8221;.vc_custom_1721826027231{margin-bottom: 30px !important;}&#8221; el_class=&#8221;titolo_headpagina&#8221;][vc_column_text el_class=&#8221;sottitolo_headpagina&#8221;]Cura artigianale e innovazione tecnologica nella produzione di calzature di alta qualit\u00e0[\/vc_column_text][\/vc_column][\/vc_row][vc_row full_width=&#8221;stretch_row_content_no_spaces&#8221; equal_height=&#8221;yes&#8221; content_placement=&#8221;middle&#8221; el_class=&#8221;mtop-60 riga_lavorazioni myreverse ptop&#8221;][vc_column width=&#8221;1\/2&#8243; el_class=&#8221;colfotobg_lavorazioni&#8221; css=&#8221;.vc_custom_1721826261812{background-image: url(https:\/\/www.king.it\/wp-content\/uploads\/2024\/07\/1_king_lavorazioni_tinto-in-capo.jpg?id=4693) !important;background-position: center !important;background-repeat: no-repeat !important;background-size:&hellip;<\/p>\n","protected":false},"author":1,"featured_media":0,"parent":0,"menu_order":0,"comment_status":"closed","ping_status":"closed","template":"","meta":{"footnotes":""},"class_list":["post-3052","page","type-page","status-publish","hentry"],"_links":{"self":[{"href":"https:\/\/www.king.it\/it\/wp-json\/wp\/v2\/pages\/3052","targetHints":{"allow":["GET"]}}],"collection":[{"href":"https:\/\/www.king.it\/it\/wp-json\/wp\/v2\/pages"}],"about":[{"href":"https:\/\/www.king.it\/it\/wp-json\/wp\/v2\/types\/page"}],"author":[{"embeddable":true,"href":"https:\/\/www.king.it\/it\/wp-json\/wp\/v2\/users\/1"}],"replies":[{"embeddable":true,"href":"https:\/\/www.king.it\/it\/wp-json\/wp\/v2\/comments?post=3052"}],"version-history":[{"count":68,"href":"https:\/\/www.king.it\/it\/wp-json\/wp\/v2\/pages\/3052\/revisions"}],"predecessor-version":[{"id":7196,"href":"https:\/\/www.king.it\/it\/wp-json\/wp\/v2\/pages\/3052\/revisions\/7196"}],"wp:attachment":[{"href":"https:\/\/www.king.it\/it\/wp-json\/wp\/v2\/media?parent=3052"}],"curies":[{"name":"wp","href":"https:\/\/api.w.org\/{rel}","templated":true}]}}