{"id":3044,"date":"2024-03-28T08:47:33","date_gmt":"2024-03-28T08:47:33","guid":{"rendered":"https:\/\/www.king.it\/?page_id=3044"},"modified":"2024-08-27T09:10:03","modified_gmt":"2024-08-27T09:10:03","slug":"artigianalita","status":"publish","type":"page","link":"https:\/\/www.king.it\/it\/artigianalita","title":{"rendered":"Artigianalit\u00e0"},"content":{"rendered":"<div class=\"wpb-content-wrapper\"><p>[vc_row full_width=&#8221;stretch_row_content&#8221; content_placement=&#8221;middle&#8221; el_class=&#8221;banner_copertina&#8221; css=&#8221;.vc_custom_1724747145455{background-image: url(https:\/\/www.king.it\/wp-content\/uploads\/2024\/07\/king_artigianalita_05.jpg?id=4632) !important;background-position: center !important;background-repeat: no-repeat !important;background-size: cover !important;}&#8221;][vc_column][vc_custom_heading text=&#8221;ARTIGIANALIT\u00c0&#8221; font_container=&#8221;tag:h4|text_align:center&#8221; use_theme_fonts=&#8221;yes&#8221; el_class=&#8221;titolo_headpagina&#8221;][vc_column_text el_class=&#8221;sottitolo_headpagina&#8221;]Dedizione all&#8217;artigianalit\u00e0 senza compromessi. Dal 1960, abbiamo affinato le nostre abilit\u00e0, trasformando ogni scarpa in un&#8217;opera d&#8217;arte che coniuga tradizione ed innovazione.[\/vc_column_text][\/vc_column][\/vc_row][vc_row full_width=&#8221;stretch_row_content&#8221; equal_height=&#8221;yes&#8221; content_placement=&#8221;middle&#8221; el_class=&#8221;myreverse&#8221;][vc_column width=&#8221;1\/2&#8243; css=&#8221;.vc_custom_1720000146566{background: #c1c1c1 url(https:\/\/www.king.it\/wp-content\/uploads\/2024\/07\/king_artigianalita_01.jpg?id=4606) !important;background-position: center !important;background-repeat: no-repeat !important;background-size: cover !important;}&#8221; el_class=&#8221;colfotobg_artigianalita&#8221;][\/vc_column][vc_column width=&#8221;1\/2&#8243; el_class=&#8221;colfotobg_artigianalita&#8221; css=&#8221;.vc_custom_1715855217993{background-color: #edce9f !important;}&#8221;][vc_custom_heading text=&#8221;MATERIALI&#8221; font_container=&#8221;tag:h6|text_align:center|color:%23685339&#8243; use_theme_fonts=&#8221;yes&#8221; el_class=&#8221;titoloh5_brown&#8221;][vc_column_text el_class=&#8221;paragrafo_blocco&#8221;]La nostra meticolosa analisi dei materiali e dei pellami vegetali \u00e8 garanzia di qualit\u00e0 impeccabile. In ogni creazione, la scelta accurata delle materie prime costituisce il solido fondamento su cui si basa la nostra filosofia. Con occhi esperti, plasmiamo ogni dettaglio per assicurare un&#8217;eccellenza senza compromessi.[\/vc_column_text][\/vc_column][\/vc_row][vc_row full_width=&#8221;stretch_row_content&#8221; equal_height=&#8221;yes&#8221; content_placement=&#8221;middle&#8221;][vc_column width=&#8221;1\/2&#8243; el_class=&#8221;colfotobg_artigianalita&#8221;][vc_custom_heading text=&#8221;CUCITURE CHE RESISTONO NEL TEMPO&#8221; font_container=&#8221;tag:h6|text_align:center|color:%23685339&#8243; use_theme_fonts=&#8221;yes&#8221; el_class=&#8221;titoloh5_brown&#8221;][vc_column_text el_class=&#8221;paragrafo_blocco&#8221;]Cuciture a regola d&#8217;arte caratterizzano le calzature King Tartufoli. Progettate per resistere allo stress quotidiano e alle torsioni, assicurano solidit\u00e0 e robustezza nel tempo. Ogni paio di scarpe rappresenta la maestria artigianale del marchio.[\/vc_column_text][\/vc_column][vc_column width=&#8221;1\/2&#8243; el_class=&#8221;colfotobg_artigianalita&#8221; css=&#8221;.vc_custom_1720000199042{background: #e0e0e0 url(https:\/\/www.king.it\/wp-content\/uploads\/2024\/07\/king_artigianalita_02.jpg?id=4608) !important;background-position: center !important;background-repeat: no-repeat !important;background-size: cover !important;}&#8221;][\/vc_column][\/vc_row][vc_row full_width=&#8221;stretch_row_content&#8221; equal_height=&#8221;yes&#8221; content_placement=&#8221;middle&#8221; el_class=&#8221;myreverse&#8221;][vc_column width=&#8221;1\/2&#8243; el_class=&#8221;colfotobg_artigianalita&#8221; css=&#8221;.vc_custom_1720000303581{background: #e0e0e0 url(https:\/\/www.king.it\/wp-content\/uploads\/2024\/07\/king_artigianalita_03.jpg?id=4609) !important;background-position: center !important;background-repeat: no-repeat !important;background-size: cover !important;}&#8221;][\/vc_column][vc_column width=&#8221;1\/2&#8243; el_class=&#8221;colfotobg_artigianalita&#8221; css=&#8221;.vc_custom_1721741800277{background-color: #534741 !important;}&#8221;][vc_custom_heading text=&#8221;FINITURE D\u2019ECCELLENZA&#8221; font_container=&#8221;tag:h6|text_align:center&#8221; use_theme_fonts=&#8221;yes&#8221; el_class=&#8221;titoloh5_lightbrown&#8221;][vc_column_text el_class=&#8221;paragrafo_blocco p_lightbrown&#8221;]<\/p>\n<p class=\"p1\">La fase della finitura \u00e8 per noi la pi\u00f9 importante, rappresenta la firma distintiva delle nostre creazioni. Ogni singola scarpa \u00e8 il risultato di un processo di lavorazione meticoloso, che include tinteggiatura, spazzolatura, lucidatura e sformatura, plasmando cos\u00ec una calzatura che incarna l&#8217;essenza stessa dell&#8217;artigianato italiano.<\/p>\n<p>[\/vc_column_text][\/vc_column][\/vc_row][vc_row full_width=&#8221;stretch_row_content&#8221; equal_height=&#8221;yes&#8221; content_placement=&#8221;middle&#8221;][vc_column width=&#8221;1\/2&#8243; el_class=&#8221;colfotobg_artigianalita&#8221;][vc_custom_heading text=&#8221;ARTIGIANI CONTEMPORANEI&#8221; font_container=&#8221;tag:h6|text_align:center|color:%23685339&#8243; use_theme_fonts=&#8221;yes&#8221; el_class=&#8221;titoloh5_brown&#8221;][vc_column_text el_class=&#8221;paragrafo_blocco&#8221;]<\/p>\n<p class=\"p1\">I nostri esperti artigiani portano avanti un&#8217;eredit\u00e0 di eccellenza tramandata nel tempo. Con maestria unica uniscono tradizione e modernit\u00e0.<\/p>\n<p>[\/vc_column_text][\/vc_column][vc_column width=&#8221;1\/2&#8243; el_class=&#8221;colfotobg_artigianalita&#8221; css=&#8221;.vc_custom_1720000246723{background: #e0e0e0 url(https:\/\/www.king.it\/wp-content\/uploads\/2024\/07\/king_artigianalita_04.jpg?id=4610) !important;background-position: center !important;background-repeat: no-repeat !important;background-size: cover !important;}&#8221;][\/vc_column][\/vc_row]<\/p>\n<\/div>","protected":false},"excerpt":{"rendered":"<p>[vc_row full_width=&#8221;stretch_row_content&#8221; content_placement=&#8221;middle&#8221; el_class=&#8221;banner_copertina&#8221; css=&#8221;.vc_custom_1724747145455{background-image: url(https:\/\/www.king.it\/wp-content\/uploads\/2024\/07\/king_artigianalita_05.jpg?id=4632) !important;background-position: center !important;background-repeat: no-repeat !important;background-size: cover !important;}&#8221;][vc_column][vc_custom_heading text=&#8221;ARTIGIANALIT\u00c0&#8221; font_container=&#8221;tag:h4|text_align:center&#8221; use_theme_fonts=&#8221;yes&#8221; el_class=&#8221;titolo_headpagina&#8221;][vc_column_text el_class=&#8221;sottitolo_headpagina&#8221;]Dedizione all&#8217;artigianalit\u00e0 senza compromessi. Dal 1960, abbiamo affinato le nostre abilit\u00e0, trasformando ogni scarpa in un&#8217;opera d&#8217;arte che coniuga tradizione ed innovazione.[\/vc_column_text][\/vc_column][\/vc_row][vc_row full_width=&#8221;stretch_row_content&#8221; equal_height=&#8221;yes&#8221; content_placement=&#8221;middle&#8221; el_class=&#8221;myreverse&#8221;][vc_column width=&#8221;1\/2&#8243; css=&#8221;.vc_custom_1720000146566{background: #c1c1c1 url(https:\/\/www.king.it\/wp-content\/uploads\/2024\/07\/king_artigianalita_01.jpg?id=4606) !important;background-position: center !important;background-repeat: no-repeat !important;background-size: cover !important;}&#8221; el_class=&#8221;colfotobg_artigianalita&#8221;][\/vc_column][vc_column&hellip;<\/p>\n","protected":false},"author":1,"featured_media":0,"parent":0,"menu_order":0,"comment_status":"closed","ping_status":"closed","template":"","meta":{"footnotes":""},"class_list":["post-3044","page","type-page","status-publish","hentry"],"_links":{"self":[{"href":"https:\/\/www.king.it\/it\/wp-json\/wp\/v2\/pages\/3044","targetHints":{"allow":["GET"]}}],"collection":[{"href":"https:\/\/www.king.it\/it\/wp-json\/wp\/v2\/pages"}],"about":[{"href":"https:\/\/www.king.it\/it\/wp-json\/wp\/v2\/types\/page"}],"author":[{"embeddable":true,"href":"https:\/\/www.king.it\/it\/wp-json\/wp\/v2\/users\/1"}],"replies":[{"embeddable":true,"href":"https:\/\/www.king.it\/it\/wp-json\/wp\/v2\/comments?post=3044"}],"version-history":[{"count":98,"href":"https:\/\/www.king.it\/it\/wp-json\/wp\/v2\/pages\/3044\/revisions"}],"predecessor-version":[{"id":7186,"href":"https:\/\/www.king.it\/it\/wp-json\/wp\/v2\/pages\/3044\/revisions\/7186"}],"wp:attachment":[{"href":"https:\/\/www.king.it\/it\/wp-json\/wp\/v2\/media?parent=3044"}],"curies":[{"name":"wp","href":"https:\/\/api.w.org\/{rel}","templated":true}]}}