{"id":3041,"date":"2024-03-28T08:46:03","date_gmt":"2024-03-28T08:46:03","guid":{"rendered":"https:\/\/www.king.it\/?page_id=3041"},"modified":"2024-09-24T12:21:40","modified_gmt":"2024-09-24T10:21:40","slug":"storia","status":"publish","type":"page","link":"https:\/\/www.king.it\/it\/storia","title":{"rendered":"Storia"},"content":{"rendered":"<div class=\"wpb-content-wrapper\"><p>[vc_row full_width=&#8221;stretch_row_content&#8221; content_placement=&#8221;middle&#8221; css=&#8221;.vc_custom_1720168231453{background-image: url(https:\/\/www.king.it\/wp-content\/uploads\/2024\/07\/king_foto_storia.jpg?id=4912) !important;background-position: center !important;background-repeat: no-repeat !important;background-size: cover !important;}&#8221; el_class=&#8221;banner_copertina&#8221;][vc_column css=&#8221;.vc_custom_1711624547439{background-position: center !important;background-repeat: no-repeat !important;background-size: cover !important;}&#8221;][vc_custom_heading text=&#8221;STORIA&#8221; font_container=&#8221;tag:h1|text_align:center&#8221; use_theme_fonts=&#8221;yes&#8221; css=&#8221;.vc_custom_1720175505154{margin-bottom: 30px !important;}&#8221; el_class=&#8221;titolo_headpagina&#8221;][vc_column_text el_class=&#8221;sottitolo_headpagina&#8221;]Benvenuti nel mondo affascinante di King Tartufoli, dove la moda incontra la tradizione nelle colline marchigiane, da oltre 60 anni.[\/vc_column_text][\/vc_column][\/vc_row][vc_row full_width=&#8221;stretch_row_content&#8221;][vc_column][vc_empty_space height=&#8221;60px&#8221;][vc_column_text el_class=&#8221;mybloccotesto&#8221;]<\/p>\n<p style=\"text-align: center;\">Tutto ebbe inizio con il giovane Tartufoli, un appassionato artigiano che, nel lontano 1953, inizi\u00f2 a plasmare le prime scarpe sul tetto della propria casa. A soli 13 anni, osservando con curiosit\u00e0 gli artigiani del luogo, decise di imparare il mestiere che avrebbe rivoluzionato il suo futuro.<\/p>\n<p style=\"text-align: center;\">La scelta del nome &#8220;King&#8221; rappresenta una chicca di stile che risale a quell&#8217;epoca in cui i nomi inglesi erano di gran moda. Per conferire un tocco internazionale all&#8217;azienda. Giovanni opt\u00f2 per questo nome regale che riporta ad un&#8217;epoca in cui la moda e la scelta di un nome erano strettamente intrecciate. Da qui KING TARTUFOLI per evocare un senso di prestigio e potenza legato alla tradizione.<\/p>\n<p style=\"text-align: center;\">Oggi il marchio \u00e8 portato avanti con passione e dedizione dai suoi figli, Sofia e Giacomo Tartufoli<\/p>\n<p>[\/vc_column_text][\/vc_column][\/vc_row][vc_section content_placement=&#8221;middle&#8221; el_class=&#8221;rigafototesto&#8221;][vc_row full_width=&#8221;stretch_row_content&#8221; equal_height=&#8221;yes&#8221; content_placement=&#8221;middle&#8221;][vc_column width=&#8221;1\/2&#8243; css=&#8221;.vc_custom_1727173287112{background-image: url(https:\/\/www.king.it\/wp-content\/uploads\/2023\/10\/chi-siamo-la-foto-copia-1-1.jpg?id=2402) !important;background-position: center !important;background-repeat: no-repeat !important;background-size: cover !important;}&#8221; el_class=&#8221;fotoboxstoria&#8221; offset=&#8221;vc_col-md-6 vc_col-xs-12&#8243;][\/vc_column][vc_column width=&#8221;1\/2&#8243; el_class=&#8221;colfotobg_artigianalita col_media_txt&#8221;][vc_column_text el_class=&#8221;txt_storia_col&#8221;]Ogni calzatura da noi prodotta \u00e8 pi\u00f9 di un semplice oggetto: \u00e8 una storia, la nostra storia. Esploriamo nuove vie senza dimenticare le nostre radici, fondendo tradizione ed esperienza con un approccio contemporaneo. La qualit\u00e0 delle materie prime e la professionalit\u00e0 dei nostri collaboratori sono per noi valori imprescindibili.\u00a0[\/vc_column_text][vc_empty_space height=&#8221;30px&#8221;][vc_column_text el_class=&#8221;txt_storia_col&#8221;]Sofia e Giacomo[\/vc_column_text][\/vc_column][\/vc_row][\/vc_section][vc_row full_width=&#8221;stretch_row_content&#8221; css=&#8221;.vc_custom_1721741680697{margin-bottom: 30px !important;}&#8221; el_class=&#8221;rowgallery_amarcord&#8221;][vc_column][vc_custom_heading text=&#8221;AMARCORD&#8221; font_container=&#8221;tag:h4|text_align:center&#8221; use_theme_fonts=&#8221;yes&#8221; css=&#8221;.vc_custom_1715852992915{margin-bottom: 30px !important;}&#8221; el_class=&#8221;mytitleparag&#8221;]\n<script src=\"https:\/\/cdnjs.cloudflare.com\/ajax\/libs\/jquery.imagesloaded\/4.1.4\/imagesloaded.pkgd.min.js\"><\/script>\n\n\n\t<script>\n\n\n(function($){\n    $(window).load(function() {\n        $('#real_carousel').imagesLoaded(function() {\n            $('#real_carousel .owl-carousel').owlCarousel({\n                margin:10,\n                loop:true,\n                autoplay:true,\n                items:2,\n                nav:true,\n                responsive:{\n                    0:{\n                        items:1\n                    },\n                    600:{\n                        items:1                    },\n                    1000:{\n                        items:2                    }\n                }\n            });\n        });\n    });\n})(jQuery);\n\n\n<\/script>\n\n\n\t<div id=\"real_carousel\">\n\t<div class=\"owl-carousel owl-theme\">\n\n\t\n\t\t<div class=\"item\" style=\"background-image:url('https:\/\/www.king.it\/wp-content\/uploads\/2024\/07\/king_amarcord_01.jpg');\"><\/div>\n\n\t\n\t\t<div class=\"item\" style=\"background-image:url('https:\/\/www.king.it\/wp-content\/uploads\/2024\/07\/king_amarcord_02.jpg');\"><\/div>\n\n\t\n\t\t<div class=\"item\" style=\"background-image:url('https:\/\/www.king.it\/wp-content\/uploads\/2024\/07\/king_amarcord_03.jpg');\"><\/div>\n\n\t\n\t\t<div class=\"item\" style=\"background-image:url('https:\/\/www.king.it\/wp-content\/uploads\/2024\/07\/king_amarcord_04.jpg');\"><\/div>\n\n\t\n\t\t<div class=\"item\" style=\"background-image:url('https:\/\/www.king.it\/wp-content\/uploads\/2024\/07\/king_amarcord_05.jpg');\"><\/div>\n\n\t\n\t\t<div class=\"item\" style=\"background-image:url('https:\/\/www.king.it\/wp-content\/uploads\/2024\/07\/king_amarcord_06.jpg');\"><\/div>\n\n\t\n\t\t<div class=\"item\" style=\"background-image:url('https:\/\/www.king.it\/wp-content\/uploads\/2024\/07\/king_amarcord_07.jpg');\"><\/div>\n\n\t\n\t\t<div class=\"item\" style=\"background-image:url('https:\/\/www.king.it\/wp-content\/uploads\/2024\/07\/king_amarcord_08.jpg');\"><\/div>\n\n\t\n\t\t<div class=\"item\" style=\"background-image:url('https:\/\/www.king.it\/wp-content\/uploads\/2024\/07\/king_amarcord_09.jpg');\"><\/div>\n\n\t\n\t\t<div class=\"item\" style=\"background-image:url('https:\/\/www.king.it\/wp-content\/uploads\/2024\/07\/king_amarcord_10.jpg');\"><\/div>\n\n\t\n\t\t<div class=\"item\" style=\"background-image:url('https:\/\/www.king.it\/wp-content\/uploads\/2024\/07\/king_amarcord_12.jpg');\"><\/div>\n\n\t\n\t\t<div class=\"item\" style=\"background-image:url('https:\/\/www.king.it\/wp-content\/uploads\/2024\/07\/king_amarcord_13.jpg');\"><\/div>\n\n\t\n\t\t<div class=\"item\" style=\"background-image:url('https:\/\/www.king.it\/wp-content\/uploads\/2024\/07\/king_amarcord_14.jpg');\"><\/div>\n\n\t\n\t<\/div>\n\t<\/div>\n\n[\/vc_column][\/vc_row]<\/p>\n<\/div>","protected":false},"excerpt":{"rendered":"<p>[vc_row full_width=&#8221;stretch_row_content&#8221; content_placement=&#8221;middle&#8221; css=&#8221;.vc_custom_1720168231453{background-image: url(https:\/\/www.king.it\/wp-content\/uploads\/2024\/07\/king_foto_storia.jpg?id=4912) !important;background-position: center !important;background-repeat: no-repeat !important;background-size: cover !important;}&#8221; el_class=&#8221;banner_copertina&#8221;][vc_column css=&#8221;.vc_custom_1711624547439{background-position: center !important;background-repeat: no-repeat !important;background-size: cover !important;}&#8221;][vc_custom_heading text=&#8221;STORIA&#8221; font_container=&#8221;tag:h1|text_align:center&#8221; use_theme_fonts=&#8221;yes&#8221; css=&#8221;.vc_custom_1720175505154{margin-bottom: 30px !important;}&#8221; el_class=&#8221;titolo_headpagina&#8221;][vc_column_text el_class=&#8221;sottitolo_headpagina&#8221;]Benvenuti nel mondo affascinante di King Tartufoli, dove la moda incontra la tradizione nelle colline marchigiane, da oltre 60 anni.[\/vc_column_text][\/vc_column][\/vc_row][vc_row full_width=&#8221;stretch_row_content&#8221;][vc_column][vc_empty_space height=&#8221;60px&#8221;][vc_column_text el_class=&#8221;mybloccotesto&#8221;] Tutto ebbe inizio con il&hellip;<\/p>\n","protected":false},"author":1,"featured_media":0,"parent":0,"menu_order":0,"comment_status":"closed","ping_status":"closed","template":"","meta":{"footnotes":""},"class_list":["post-3041","page","type-page","status-publish","hentry"],"_links":{"self":[{"href":"https:\/\/www.king.it\/it\/wp-json\/wp\/v2\/pages\/3041","targetHints":{"allow":["GET"]}}],"collection":[{"href":"https:\/\/www.king.it\/it\/wp-json\/wp\/v2\/pages"}],"about":[{"href":"https:\/\/www.king.it\/it\/wp-json\/wp\/v2\/types\/page"}],"author":[{"embeddable":true,"href":"https:\/\/www.king.it\/it\/wp-json\/wp\/v2\/users\/1"}],"replies":[{"embeddable":true,"href":"https:\/\/www.king.it\/it\/wp-json\/wp\/v2\/comments?post=3041"}],"version-history":[{"count":88,"href":"https:\/\/www.king.it\/it\/wp-json\/wp\/v2\/pages\/3041\/revisions"}],"predecessor-version":[{"id":7372,"href":"https:\/\/www.king.it\/it\/wp-json\/wp\/v2\/pages\/3041\/revisions\/7372"}],"wp:attachment":[{"href":"https:\/\/www.king.it\/it\/wp-json\/wp\/v2\/media?parent=3041"}],"curies":[{"name":"wp","href":"https:\/\/api.w.org\/{rel}","templated":true}]}}