{"id":8099,"date":"2025-01-13T20:25:22","date_gmt":"2025-01-13T18:25:22","guid":{"rendered":"https:\/\/www.king.it\/?post_type=product&#038;p=8099"},"modified":"2025-01-14T16:07:55","modified_gmt":"2025-01-14T14:07:55","slug":"olimpia-copia","status":"publish","type":"product","link":"https:\/\/www.king.it\/fr\/prodotto\/olimpia-copia","title":{"rendered":"Olimpia black"},"content":{"rendered":"<p>Baskets en cuir et doubl\u00e9es de cuir. Chaussures \u00e0 lacets avec semelle int\u00e9rieure amovible en fussbett, latex wedge, memory et cuir. Semelle en caoutchouc. Coupe confortable gr\u00e2ce \u00e0 le type de traitement \u00ab\u00a0a sacchetto\u00a0\u00bb et \u00e0 la semelle int\u00e9rieure rembourr\u00e9e.<\/p>\n","protected":false},"excerpt":{"rendered":"<p>Baskets en cuir noir<\/p>\n","protected":false},"featured_media":5377,"template":"","meta":[],"product_brand":[],"product_cat":[267],"product_tag":[355],"class_list":{"0":"post-8099","1":"product","2":"type-product","3":"status-publish","4":"has-post-thumbnail","6":"product_cat-baskets","7":"product_tag-soldes","9":"first","10":"instock","11":"shipping-taxable","12":"purchasable","13":"product-type-variable"},"_links":{"self":[{"href":"https:\/\/www.king.it\/fr\/wp-json\/wp\/v2\/product\/8099","targetHints":{"allow":["GET"]}}],"collection":[{"href":"https:\/\/www.king.it\/fr\/wp-json\/wp\/v2\/product"}],"about":[{"href":"https:\/\/www.king.it\/fr\/wp-json\/wp\/v2\/types\/product"}],"wp:featuredmedia":[{"embeddable":true,"href":"https:\/\/www.king.it\/fr\/wp-json\/wp\/v2\/media\/5377"}],"wp:attachment":[{"href":"https:\/\/www.king.it\/fr\/wp-json\/wp\/v2\/media?parent=8099"}],"wp:term":[{"taxonomy":"product_brand","embeddable":true,"href":"https:\/\/www.king.it\/fr\/wp-json\/wp\/v2\/product_brand?post=8099"},{"taxonomy":"product_cat","embeddable":true,"href":"https:\/\/www.king.it\/fr\/wp-json\/wp\/v2\/product_cat?post=8099"},{"taxonomy":"product_tag","embeddable":true,"href":"https:\/\/www.king.it\/fr\/wp-json\/wp\/v2\/product_tag?post=8099"}],"curies":[{"name":"wp","href":"https:\/\/api.w.org\/{rel}","templated":true}]}}