{"id":7902,"date":"2024-11-06T22:21:54","date_gmt":"2024-11-06T20:21:54","guid":{"rendered":"https:\/\/www.king.it\/?post_type=product&#038;p=7902"},"modified":"2024-11-06T22:31:25","modified_gmt":"2024-11-06T20:31:25","slug":"logan","status":"publish","type":"product","link":"https:\/\/www.king.it\/fr\/prodotto\/logan","title":{"rendered":"Logan"},"content":{"rendered":"<p>Bottines Chelsea en cuir souple couleur taupe et doubl\u00e9 en peau de mouton.<br \/>\nBottines en \u00ab\u00a0tinto in capo\u00a0\u00bb. Bottines avec \u00e9lastique sur le c\u00f4t\u00e9.<br \/>\nSemelle en caoutchouc avec tr\u00e9pointe en cuir.<br \/>\nConfortable gr\u00e2ce \u00e0 la semelle int\u00e9rieure en cuir matelass\u00e9e.<\/p>\n","protected":false},"excerpt":{"rendered":"<p>chelsea boots in taupe leather<\/p>\n","protected":false},"featured_media":7929,"template":"","meta":[],"product_brand":[],"product_cat":[264],"product_tag":[],"class_list":{"0":"post-7902","1":"product","2":"type-product","3":"status-publish","4":"has-post-thumbnail","6":"product_cat-bottes-et-bottines","8":"first","9":"instock","10":"shipping-taxable","11":"purchasable","12":"product-type-variable"},"_links":{"self":[{"href":"https:\/\/www.king.it\/fr\/wp-json\/wp\/v2\/product\/7902","targetHints":{"allow":["GET"]}}],"collection":[{"href":"https:\/\/www.king.it\/fr\/wp-json\/wp\/v2\/product"}],"about":[{"href":"https:\/\/www.king.it\/fr\/wp-json\/wp\/v2\/types\/product"}],"wp:featuredmedia":[{"embeddable":true,"href":"https:\/\/www.king.it\/fr\/wp-json\/wp\/v2\/media\/7929"}],"wp:attachment":[{"href":"https:\/\/www.king.it\/fr\/wp-json\/wp\/v2\/media?parent=7902"}],"wp:term":[{"taxonomy":"product_brand","embeddable":true,"href":"https:\/\/www.king.it\/fr\/wp-json\/wp\/v2\/product_brand?post=7902"},{"taxonomy":"product_cat","embeddable":true,"href":"https:\/\/www.king.it\/fr\/wp-json\/wp\/v2\/product_cat?post=7902"},{"taxonomy":"product_tag","embeddable":true,"href":"https:\/\/www.king.it\/fr\/wp-json\/wp\/v2\/product_tag?post=7902"}],"curies":[{"name":"wp","href":"https:\/\/api.w.org\/{rel}","templated":true}]}}