{"id":7844,"date":"2024-11-06T22:10:19","date_gmt":"2024-11-06T20:10:19","guid":{"rendered":"https:\/\/www.king.it\/?post_type=product&#038;p=7844"},"modified":"2025-11-04T14:07:16","modified_gmt":"2025-11-04T12:07:16","slug":"becky","status":"publish","type":"product","link":"https:\/\/www.king.it\/fr\/prodotto\/becky","title":{"rendered":"Becky"},"content":{"rendered":"<p>Bottines avec fermeture \u00e9clair, tige en daim et doublure en cuir.<br \/>\nBottines en \u00ab\u00a0tinto in capo\u00a0\u00bb. Semelle en cuir cousue avec injection de caoutchouc.<br \/>\nHauteur du talon 50 mm.<br \/>\nConfortable gr\u00e2ce \u00e0 la semelle int\u00e9rieure en cuir rembourr\u00e9e.<\/p>\n","protected":false},"excerpt":{"rendered":"<p>botte Texan zipp\u00e9e en daim purple<\/p>\n","protected":false},"featured_media":7869,"template":"","meta":[],"product_brand":[],"product_cat":[264],"product_tag":[355],"class_list":{"0":"post-7844","1":"product","2":"type-product","3":"status-publish","4":"has-post-thumbnail","6":"product_cat-bottes-et-bottines","7":"product_tag-soldes","9":"first","10":"instock","11":"shipping-taxable","12":"purchasable","13":"product-type-variable"},"_links":{"self":[{"href":"https:\/\/www.king.it\/fr\/wp-json\/wp\/v2\/product\/7844","targetHints":{"allow":["GET"]}}],"collection":[{"href":"https:\/\/www.king.it\/fr\/wp-json\/wp\/v2\/product"}],"about":[{"href":"https:\/\/www.king.it\/fr\/wp-json\/wp\/v2\/types\/product"}],"wp:featuredmedia":[{"embeddable":true,"href":"https:\/\/www.king.it\/fr\/wp-json\/wp\/v2\/media\/7869"}],"wp:attachment":[{"href":"https:\/\/www.king.it\/fr\/wp-json\/wp\/v2\/media?parent=7844"}],"wp:term":[{"taxonomy":"product_brand","embeddable":true,"href":"https:\/\/www.king.it\/fr\/wp-json\/wp\/v2\/product_brand?post=7844"},{"taxonomy":"product_cat","embeddable":true,"href":"https:\/\/www.king.it\/fr\/wp-json\/wp\/v2\/product_cat?post=7844"},{"taxonomy":"product_tag","embeddable":true,"href":"https:\/\/www.king.it\/fr\/wp-json\/wp\/v2\/product_tag?post=7844"}],"curies":[{"name":"wp","href":"https:\/\/api.w.org\/{rel}","templated":true}]}}