{"id":7774,"date":"2024-11-06T17:25:40","date_gmt":"2024-11-06T15:25:40","guid":{"rendered":"https:\/\/www.king.it\/?post_type=product&#038;p=7774"},"modified":"2024-11-06T17:53:10","modified_gmt":"2024-11-06T15:53:10","slug":"ruby","status":"publish","type":"product","link":"https:\/\/www.king.it\/fr\/prodotto\/ruby","title":{"rendered":"Ruby"},"content":{"rendered":"<p>Mocassin avec tige et doublure en cuir.<br \/>\nChaussures en \u00ab\u00a0tinto in capo\u00a0\u00bb.<br \/>\nSemelle en cuir surpiqu\u00e9 avec injection de caoutchouc.<br \/>\nConfortable gr\u00e2ce \u00e0 la semelle int\u00e9rieure en cuir rembourr\u00e9e.<\/p>\n","protected":false},"excerpt":{"rendered":"<p class=\"p1\">mocassin en purple<\/p>\n","protected":false},"featured_media":7806,"template":"","meta":[],"product_brand":[],"product_cat":[252],"product_tag":[],"class_list":{"0":"post-7774","1":"product","2":"type-product","3":"status-publish","4":"has-post-thumbnail","6":"product_cat-mocassin","8":"first","9":"instock","10":"shipping-taxable","11":"purchasable","12":"product-type-variable"},"_links":{"self":[{"href":"https:\/\/www.king.it\/fr\/wp-json\/wp\/v2\/product\/7774","targetHints":{"allow":["GET"]}}],"collection":[{"href":"https:\/\/www.king.it\/fr\/wp-json\/wp\/v2\/product"}],"about":[{"href":"https:\/\/www.king.it\/fr\/wp-json\/wp\/v2\/types\/product"}],"wp:featuredmedia":[{"embeddable":true,"href":"https:\/\/www.king.it\/fr\/wp-json\/wp\/v2\/media\/7806"}],"wp:attachment":[{"href":"https:\/\/www.king.it\/fr\/wp-json\/wp\/v2\/media?parent=7774"}],"wp:term":[{"taxonomy":"product_brand","embeddable":true,"href":"https:\/\/www.king.it\/fr\/wp-json\/wp\/v2\/product_brand?post=7774"},{"taxonomy":"product_cat","embeddable":true,"href":"https:\/\/www.king.it\/fr\/wp-json\/wp\/v2\/product_cat?post=7774"},{"taxonomy":"product_tag","embeddable":true,"href":"https:\/\/www.king.it\/fr\/wp-json\/wp\/v2\/product_tag?post=7774"}],"curies":[{"name":"wp","href":"https:\/\/api.w.org\/{rel}","templated":true}]}}