{"id":7497,"date":"2024-10-30T13:41:22","date_gmt":"2024-10-30T11:41:22","guid":{"rendered":"https:\/\/www.king.it\/?post_type=product&#038;p=7497"},"modified":"2024-12-08T20:09:57","modified_gmt":"2024-12-08T18:09:57","slug":"annabelle","status":"publish","type":"product","link":"https:\/\/www.king.it\/fr\/prodotto\/annabelle","title":{"rendered":"Annabelle"},"content":{"rendered":"<p class=\"p1\">Bottines zipp\u00e9es, tige et doublure en cuir. Semelle en cuir surpiqu\u00e9 avec injection de caoutchouc. Hauteur du talon 45 mm. Confortable gr\u00e2ce \u00e0 la semelle int\u00e9rieure en cuir rembourr\u00e9e.<\/p>\n","protected":false},"excerpt":{"rendered":"<p class=\"p1\">Botte Texan zipp\u00e9e en cuir marron.<\/p>\n","protected":false},"featured_media":7526,"template":"","meta":[],"product_brand":[],"product_cat":[264],"product_tag":[],"class_list":{"0":"post-7497","1":"product","2":"type-product","3":"status-publish","4":"has-post-thumbnail","6":"product_cat-bottes-et-bottines","8":"first","9":"instock","10":"shipping-taxable","11":"purchasable","12":"product-type-variable"},"_links":{"self":[{"href":"https:\/\/www.king.it\/fr\/wp-json\/wp\/v2\/product\/7497","targetHints":{"allow":["GET"]}}],"collection":[{"href":"https:\/\/www.king.it\/fr\/wp-json\/wp\/v2\/product"}],"about":[{"href":"https:\/\/www.king.it\/fr\/wp-json\/wp\/v2\/types\/product"}],"wp:featuredmedia":[{"embeddable":true,"href":"https:\/\/www.king.it\/fr\/wp-json\/wp\/v2\/media\/7526"}],"wp:attachment":[{"href":"https:\/\/www.king.it\/fr\/wp-json\/wp\/v2\/media?parent=7497"}],"wp:term":[{"taxonomy":"product_brand","embeddable":true,"href":"https:\/\/www.king.it\/fr\/wp-json\/wp\/v2\/product_brand?post=7497"},{"taxonomy":"product_cat","embeddable":true,"href":"https:\/\/www.king.it\/fr\/wp-json\/wp\/v2\/product_cat?post=7497"},{"taxonomy":"product_tag","embeddable":true,"href":"https:\/\/www.king.it\/fr\/wp-json\/wp\/v2\/product_tag?post=7497"}],"curies":[{"name":"wp","href":"https:\/\/api.w.org\/{rel}","templated":true}]}}