{"id":7009,"date":"2024-04-03T10:16:51","date_gmt":"2024-04-03T08:16:51","guid":{"rendered":"https:\/\/www.king.it\/prodotto\/carol"},"modified":"2025-01-14T16:07:51","modified_gmt":"2025-01-14T14:07:51","slug":"carol","status":"publish","type":"product","link":"https:\/\/www.king.it\/fr\/prodotto\/carol","title":{"rendered":"Carol"},"content":{"rendered":"<p>Botte en cuir et doubl\u00e9es de cuir. Bottes avec fermeture \u00e9clair sur le c\u00f4t\u00e9. Semelle en caoutchouc surpiqu\u00e9e. Confortable gr\u00e2ce \u00e0 la semelle int\u00e9rieure en cuir rembourr\u00e9e.<\/p>\n","protected":false},"excerpt":{"rendered":"<p>Botte en cuir noire<\/p>\n","protected":false},"featured_media":5421,"template":"","meta":[],"product_brand":[],"product_cat":[264],"product_tag":[355],"class_list":{"0":"post-7009","1":"product","2":"type-product","3":"status-publish","4":"has-post-thumbnail","6":"product_cat-bottes-et-bottines","7":"product_tag-soldes","9":"first","10":"instock","11":"shipping-taxable","12":"purchasable","13":"product-type-variable"},"_links":{"self":[{"href":"https:\/\/www.king.it\/fr\/wp-json\/wp\/v2\/product\/7009","targetHints":{"allow":["GET"]}}],"collection":[{"href":"https:\/\/www.king.it\/fr\/wp-json\/wp\/v2\/product"}],"about":[{"href":"https:\/\/www.king.it\/fr\/wp-json\/wp\/v2\/types\/product"}],"wp:featuredmedia":[{"embeddable":true,"href":"https:\/\/www.king.it\/fr\/wp-json\/wp\/v2\/media\/5421"}],"wp:attachment":[{"href":"https:\/\/www.king.it\/fr\/wp-json\/wp\/v2\/media?parent=7009"}],"wp:term":[{"taxonomy":"product_brand","embeddable":true,"href":"https:\/\/www.king.it\/fr\/wp-json\/wp\/v2\/product_brand?post=7009"},{"taxonomy":"product_cat","embeddable":true,"href":"https:\/\/www.king.it\/fr\/wp-json\/wp\/v2\/product_cat?post=7009"},{"taxonomy":"product_tag","embeddable":true,"href":"https:\/\/www.king.it\/fr\/wp-json\/wp\/v2\/product_tag?post=7009"}],"curies":[{"name":"wp","href":"https:\/\/api.w.org\/{rel}","templated":true}]}}