{"id":6960,"date":"2024-04-03T09:23:54","date_gmt":"2024-04-03T09:23:54","guid":{"rendered":"https:\/\/www.king.it\/prodotto\/star-color"},"modified":"2024-04-03T09:23:54","modified_gmt":"2024-04-03T09:23:54","slug":"star-color","status":"publish","type":"product","link":"https:\/\/www.king.it\/fr\/prodotto\/star-color","title":{"rendered":"Star &#8211; color"},"content":{"rendered":"<p>Sandales en cuir camel et bleu clair, doubl\u00e9es de cuir. Bride avec boucle en m\u00e9tal. Semelle int\u00e9rieure en cuir rembourr\u00e9e pour un confort optimal. Semelle en cuir avec injection de caoutchouc et talon en cuir d&rsquo;une hauteur de 65 mm.<\/p>\n","protected":false},"excerpt":{"rendered":"<p>sandales en cuir camel et bleu ciel<\/p>\n","protected":false},"featured_media":3416,"template":"","meta":[],"product_brand":[],"product_cat":[269],"product_tag":[],"class_list":{"0":"post-6960","1":"product","2":"type-product","3":"status-publish","4":"has-post-thumbnail","6":"product_cat-sandales","8":"first","9":"instock","10":"shipping-taxable","11":"purchasable","12":"product-type-variable"},"_links":{"self":[{"href":"https:\/\/www.king.it\/fr\/wp-json\/wp\/v2\/product\/6960","targetHints":{"allow":["GET"]}}],"collection":[{"href":"https:\/\/www.king.it\/fr\/wp-json\/wp\/v2\/product"}],"about":[{"href":"https:\/\/www.king.it\/fr\/wp-json\/wp\/v2\/types\/product"}],"wp:featuredmedia":[{"embeddable":true,"href":"https:\/\/www.king.it\/fr\/wp-json\/wp\/v2\/media\/3416"}],"wp:attachment":[{"href":"https:\/\/www.king.it\/fr\/wp-json\/wp\/v2\/media?parent=6960"}],"wp:term":[{"taxonomy":"product_brand","embeddable":true,"href":"https:\/\/www.king.it\/fr\/wp-json\/wp\/v2\/product_brand?post=6960"},{"taxonomy":"product_cat","embeddable":true,"href":"https:\/\/www.king.it\/fr\/wp-json\/wp\/v2\/product_cat?post=6960"},{"taxonomy":"product_tag","embeddable":true,"href":"https:\/\/www.king.it\/fr\/wp-json\/wp\/v2\/product_tag?post=6960"}],"curies":[{"name":"wp","href":"https:\/\/api.w.org\/{rel}","templated":true}]}}