{"id":6926,"date":"2024-04-03T09:10:10","date_gmt":"2024-04-03T07:10:10","guid":{"rendered":"https:\/\/www.king.it\/prodotto\/sky"},"modified":"2025-01-14T16:07:56","modified_gmt":"2025-01-14T14:07:56","slug":"sky","status":"publish","type":"product","link":"https:\/\/www.king.it\/fr\/prodotto\/sky","title":{"rendered":"Sky"},"content":{"rendered":"<p>Sandales en cuir avec doublure en cuir. Tige bross\u00e9e avec effet vieilli, r\u00e9glable gr\u00e2ce au lacet fonctionnel pour un bon maintien du pied. La cheville est maintenue par une bride avec velcro. Semelle en cuir cousue. Confortable gr\u00e2ce \u00e0 la semelle int\u00e9rieure rembourr\u00e9e.<\/p>\n","protected":false},"excerpt":{"rendered":"<p>sandales en cuir bleu clair<\/p>\n","protected":false},"featured_media":5385,"template":"","meta":[],"product_brand":[],"product_cat":[269],"product_tag":[355],"class_list":{"0":"post-6926","1":"product","2":"type-product","3":"status-publish","4":"has-post-thumbnail","6":"product_cat-sandales","7":"product_tag-soldes","9":"first","10":"instock","11":"shipping-taxable","12":"purchasable","13":"product-type-variable"},"_links":{"self":[{"href":"https:\/\/www.king.it\/fr\/wp-json\/wp\/v2\/product\/6926","targetHints":{"allow":["GET"]}}],"collection":[{"href":"https:\/\/www.king.it\/fr\/wp-json\/wp\/v2\/product"}],"about":[{"href":"https:\/\/www.king.it\/fr\/wp-json\/wp\/v2\/types\/product"}],"wp:featuredmedia":[{"embeddable":true,"href":"https:\/\/www.king.it\/fr\/wp-json\/wp\/v2\/media\/5385"}],"wp:attachment":[{"href":"https:\/\/www.king.it\/fr\/wp-json\/wp\/v2\/media?parent=6926"}],"wp:term":[{"taxonomy":"product_brand","embeddable":true,"href":"https:\/\/www.king.it\/fr\/wp-json\/wp\/v2\/product_brand?post=6926"},{"taxonomy":"product_cat","embeddable":true,"href":"https:\/\/www.king.it\/fr\/wp-json\/wp\/v2\/product_cat?post=6926"},{"taxonomy":"product_tag","embeddable":true,"href":"https:\/\/www.king.it\/fr\/wp-json\/wp\/v2\/product_tag?post=6926"}],"curies":[{"name":"wp","href":"https:\/\/api.w.org\/{rel}","templated":true}]}}