{"id":6871,"date":"2024-04-03T09:04:02","date_gmt":"2024-04-03T07:04:02","guid":{"rendered":"https:\/\/www.king.it\/prodotto\/olivia"},"modified":"2025-01-14T17:13:05","modified_gmt":"2025-01-14T15:13:05","slug":"olivia","status":"publish","type":"product","link":"https:\/\/www.king.it\/fr\/prodotto\/olivia","title":{"rendered":"Olivia"},"content":{"rendered":"<p>Bottes \u00e0 hauteur de genou en cuir et nappa extensible. Dessus doubl\u00e9 de cuir avec demi-fermeture \u00e9clair \u00e0 l&rsquo;int\u00e9rieur. Botte tuft\u00e9e et lav\u00e9e. Semelle en cuir surpiqu\u00e9 avec injection de caoutchouc. Confortable gr\u00e2ce \u00e0 la semelle int\u00e9rieure en cuir rembourr\u00e9e.<\/p>\n","protected":false},"excerpt":{"rendered":"<p>Botte haute en cuir marron et stretch<\/p>\n","protected":false},"featured_media":5375,"template":"","meta":[],"product_brand":[],"product_cat":[264],"product_tag":[355],"class_list":{"0":"post-6871","1":"product","2":"type-product","3":"status-publish","4":"has-post-thumbnail","6":"product_cat-bottes-et-bottines","7":"product_tag-soldes","9":"first","10":"instock","11":"shipping-taxable","12":"purchasable","13":"product-type-variable"},"_links":{"self":[{"href":"https:\/\/www.king.it\/fr\/wp-json\/wp\/v2\/product\/6871","targetHints":{"allow":["GET"]}}],"collection":[{"href":"https:\/\/www.king.it\/fr\/wp-json\/wp\/v2\/product"}],"about":[{"href":"https:\/\/www.king.it\/fr\/wp-json\/wp\/v2\/types\/product"}],"wp:featuredmedia":[{"embeddable":true,"href":"https:\/\/www.king.it\/fr\/wp-json\/wp\/v2\/media\/5375"}],"wp:attachment":[{"href":"https:\/\/www.king.it\/fr\/wp-json\/wp\/v2\/media?parent=6871"}],"wp:term":[{"taxonomy":"product_brand","embeddable":true,"href":"https:\/\/www.king.it\/fr\/wp-json\/wp\/v2\/product_brand?post=6871"},{"taxonomy":"product_cat","embeddable":true,"href":"https:\/\/www.king.it\/fr\/wp-json\/wp\/v2\/product_cat?post=6871"},{"taxonomy":"product_tag","embeddable":true,"href":"https:\/\/www.king.it\/fr\/wp-json\/wp\/v2\/product_tag?post=6871"}],"curies":[{"name":"wp","href":"https:\/\/api.w.org\/{rel}","templated":true}]}}