{"id":6708,"date":"2024-04-03T08:54:51","date_gmt":"2024-04-03T06:54:51","guid":{"rendered":"https:\/\/www.king.it\/prodotto\/isabel"},"modified":"2024-04-03T08:54:51","modified_gmt":"2024-04-03T08:54:51","slug":"isabel","status":"publish","type":"product","link":"https:\/\/www.king.it\/fr\/prodotto\/isabel","title":{"rendered":"Isabel"},"content":{"rendered":"<p>Bottes en cuir noir, doubl\u00e9es et avec fermeture \u00e9clair \u00e0 l&rsquo;arri\u00e8re. Botte teint\u00e9e dans la masse. Semelle en cuir surpiqu\u00e9 avec injection de caoutchouc. Confortable gr\u00e2ce \u00e0 la semelle int\u00e9rieure en cuir rembourr\u00e9e.<\/p>\n","protected":false},"excerpt":{"rendered":"<p>Bottes en cuir noir<\/p>\n","protected":false},"featured_media":5353,"template":"","meta":[],"product_brand":[],"product_cat":[264],"product_tag":[],"class_list":{"0":"post-6708","1":"product","2":"type-product","3":"status-publish","4":"has-post-thumbnail","6":"product_cat-bottes-et-bottines","8":"first","9":"instock","10":"shipping-taxable","11":"purchasable","12":"product-type-variable"},"_links":{"self":[{"href":"https:\/\/www.king.it\/fr\/wp-json\/wp\/v2\/product\/6708","targetHints":{"allow":["GET"]}}],"collection":[{"href":"https:\/\/www.king.it\/fr\/wp-json\/wp\/v2\/product"}],"about":[{"href":"https:\/\/www.king.it\/fr\/wp-json\/wp\/v2\/types\/product"}],"wp:featuredmedia":[{"embeddable":true,"href":"https:\/\/www.king.it\/fr\/wp-json\/wp\/v2\/media\/5353"}],"wp:attachment":[{"href":"https:\/\/www.king.it\/fr\/wp-json\/wp\/v2\/media?parent=6708"}],"wp:term":[{"taxonomy":"product_brand","embeddable":true,"href":"https:\/\/www.king.it\/fr\/wp-json\/wp\/v2\/product_brand?post=6708"},{"taxonomy":"product_cat","embeddable":true,"href":"https:\/\/www.king.it\/fr\/wp-json\/wp\/v2\/product_cat?post=6708"},{"taxonomy":"product_tag","embeddable":true,"href":"https:\/\/www.king.it\/fr\/wp-json\/wp\/v2\/product_tag?post=6708"}],"curies":[{"name":"wp","href":"https:\/\/api.w.org\/{rel}","templated":true}]}}