{"id":6627,"date":"2024-04-03T08:25:20","date_gmt":"2024-04-03T06:25:20","guid":{"rendered":"https:\/\/www.king.it\/prodotto\/elena"},"modified":"2025-01-14T16:07:52","modified_gmt":"2025-01-14T14:07:52","slug":"elena","status":"publish","type":"product","link":"https:\/\/www.king.it\/fr\/prodotto\/elena","title":{"rendered":"Elena"},"content":{"rendered":"<p>Bottes avec tige en daim et doublure en cuir. Fermeture \u00e9clair sur le c\u00f4t\u00e9 et semelle en cuir surpiqu\u00e9 avec injection de caoutchouc. Hauteur du talon 45 mm. Confortable gr\u00e2ce \u00e0 la semelle int\u00e9rieure en cuir rembourr\u00e9e.<\/p>\n","protected":false},"excerpt":{"rendered":"<p>Bottes en daim camel<\/p>\n","protected":false},"featured_media":5335,"template":"","meta":[],"product_brand":[],"product_cat":[264],"product_tag":[355],"class_list":{"0":"post-6627","1":"product","2":"type-product","3":"status-publish","4":"has-post-thumbnail","6":"product_cat-bottes-et-bottines","7":"product_tag-soldes","9":"first","10":"instock","11":"shipping-taxable","12":"purchasable","13":"product-type-variable"},"_links":{"self":[{"href":"https:\/\/www.king.it\/fr\/wp-json\/wp\/v2\/product\/6627","targetHints":{"allow":["GET"]}}],"collection":[{"href":"https:\/\/www.king.it\/fr\/wp-json\/wp\/v2\/product"}],"about":[{"href":"https:\/\/www.king.it\/fr\/wp-json\/wp\/v2\/types\/product"}],"wp:featuredmedia":[{"embeddable":true,"href":"https:\/\/www.king.it\/fr\/wp-json\/wp\/v2\/media\/5335"}],"wp:attachment":[{"href":"https:\/\/www.king.it\/fr\/wp-json\/wp\/v2\/media?parent=6627"}],"wp:term":[{"taxonomy":"product_brand","embeddable":true,"href":"https:\/\/www.king.it\/fr\/wp-json\/wp\/v2\/product_brand?post=6627"},{"taxonomy":"product_cat","embeddable":true,"href":"https:\/\/www.king.it\/fr\/wp-json\/wp\/v2\/product_cat?post=6627"},{"taxonomy":"product_tag","embeddable":true,"href":"https:\/\/www.king.it\/fr\/wp-json\/wp\/v2\/product_tag?post=6627"}],"curies":[{"name":"wp","href":"https:\/\/api.w.org\/{rel}","templated":true}]}}