{"id":6561,"date":"2024-04-03T08:22:04","date_gmt":"2024-04-03T06:22:04","guid":{"rendered":"https:\/\/www.king.it\/prodotto\/joy-purple"},"modified":"2025-01-14T16:07:50","modified_gmt":"2025-01-14T14:07:50","slug":"joy-purple","status":"publish","type":"product","link":"https:\/\/www.king.it\/fr\/prodotto\/joy-purple","title":{"rendered":"Joy &#8211; purple"},"content":{"rendered":"<p>Bottines avec tige en cuir et doublure en cuir. Bottines tuft\u00e9es et lav\u00e9es avec fermeture \u00e9clair \u00e0 l&rsquo;arri\u00e8re et \u00e9lastique sur les c\u00f4t\u00e9s. Semelle en caoutchouc avec surpiq\u00fbres. Confortable gr\u00e2ce \u00e0 la semelle int\u00e9rieure en cuir rembourr\u00e9e.<\/p>\n","protected":false},"excerpt":{"rendered":"<p>Bottines Chelsea en cuir violet<\/p>\n","protected":false},"featured_media":5325,"template":"","meta":[],"product_brand":[],"product_cat":[264],"product_tag":[355],"class_list":{"0":"post-6561","1":"product","2":"type-product","3":"status-publish","4":"has-post-thumbnail","6":"product_cat-bottes-et-bottines","7":"product_tag-soldes","9":"first","10":"instock","11":"shipping-taxable","12":"purchasable","13":"product-type-variable"},"_links":{"self":[{"href":"https:\/\/www.king.it\/fr\/wp-json\/wp\/v2\/product\/6561","targetHints":{"allow":["GET"]}}],"collection":[{"href":"https:\/\/www.king.it\/fr\/wp-json\/wp\/v2\/product"}],"about":[{"href":"https:\/\/www.king.it\/fr\/wp-json\/wp\/v2\/types\/product"}],"wp:featuredmedia":[{"embeddable":true,"href":"https:\/\/www.king.it\/fr\/wp-json\/wp\/v2\/media\/5325"}],"wp:attachment":[{"href":"https:\/\/www.king.it\/fr\/wp-json\/wp\/v2\/media?parent=6561"}],"wp:term":[{"taxonomy":"product_brand","embeddable":true,"href":"https:\/\/www.king.it\/fr\/wp-json\/wp\/v2\/product_brand?post=6561"},{"taxonomy":"product_cat","embeddable":true,"href":"https:\/\/www.king.it\/fr\/wp-json\/wp\/v2\/product_cat?post=6561"},{"taxonomy":"product_tag","embeddable":true,"href":"https:\/\/www.king.it\/fr\/wp-json\/wp\/v2\/product_tag?post=6561"}],"curies":[{"name":"wp","href":"https:\/\/api.w.org\/{rel}","templated":true}]}}