{"id":6537,"date":"2024-04-03T13:06:21","date_gmt":"2024-04-03T11:06:21","guid":{"rendered":"https:\/\/www.king.it\/prodotto\/lucy-milk"},"modified":"2025-01-14T16:07:50","modified_gmt":"2025-01-14T14:07:50","slug":"lucy-milk","status":"publish","type":"product","link":"https:\/\/www.king.it\/fr\/prodotto\/lucy-milk","title":{"rendered":"Lucy &#8211; milk"},"content":{"rendered":"<p>Bottines Chelsea en cuir souple couleur lait et doubl\u00e9es. Bottines avec \u00e9lastique sur le c\u00f4t\u00e9. Semelle en caoutchouc avec tr\u00e9pointe en cuir. Confortable gr\u00e2ce \u00e0 la semelle int\u00e9rieure en cuir matelass\u00e9e.<\/p>\n","protected":false},"excerpt":{"rendered":"<p>Botte chelsea en cuir laiteux<\/p>\n","protected":false},"featured_media":5469,"template":"","meta":[],"product_brand":[],"product_cat":[264],"product_tag":[355],"class_list":{"0":"post-6537","1":"product","2":"type-product","3":"status-publish","4":"has-post-thumbnail","6":"product_cat-bottes-et-bottines","7":"product_tag-soldes","9":"first","10":"instock","11":"shipping-taxable","12":"purchasable","13":"product-type-variable"},"_links":{"self":[{"href":"https:\/\/www.king.it\/fr\/wp-json\/wp\/v2\/product\/6537","targetHints":{"allow":["GET"]}}],"collection":[{"href":"https:\/\/www.king.it\/fr\/wp-json\/wp\/v2\/product"}],"about":[{"href":"https:\/\/www.king.it\/fr\/wp-json\/wp\/v2\/types\/product"}],"wp:featuredmedia":[{"embeddable":true,"href":"https:\/\/www.king.it\/fr\/wp-json\/wp\/v2\/media\/5469"}],"wp:attachment":[{"href":"https:\/\/www.king.it\/fr\/wp-json\/wp\/v2\/media?parent=6537"}],"wp:term":[{"taxonomy":"product_brand","embeddable":true,"href":"https:\/\/www.king.it\/fr\/wp-json\/wp\/v2\/product_brand?post=6537"},{"taxonomy":"product_cat","embeddable":true,"href":"https:\/\/www.king.it\/fr\/wp-json\/wp\/v2\/product_cat?post=6537"},{"taxonomy":"product_tag","embeddable":true,"href":"https:\/\/www.king.it\/fr\/wp-json\/wp\/v2\/product_tag?post=6537"}],"curies":[{"name":"wp","href":"https:\/\/api.w.org\/{rel}","templated":true}]}}