{"id":6481,"date":"2024-04-03T08:15:06","date_gmt":"2024-04-03T06:15:06","guid":{"rendered":"https:\/\/www.king.it\/prodotto\/lea"},"modified":"2025-01-14T16:07:50","modified_gmt":"2025-01-14T14:07:50","slug":"lea","status":"publish","type":"product","link":"https:\/\/www.king.it\/fr\/prodotto\/lea","title":{"rendered":"Lea"},"content":{"rendered":"<p>Bottine en daim et doubl\u00e9e. Tige avec \u00e9lastique lat\u00e9ral recouvert de daim et fermeture \u00e9clair lat\u00e9rale. Semelle en caoutchouc avec tr\u00e9pointe en cuir lav\u00e9 et tremp\u00e9. Confortable gr\u00e2ce \u00e0 la semelle int\u00e9rieure en cuir rembourr\u00e9e.<\/p>\n","protected":false},"excerpt":{"rendered":"<p>Bottines en daim avec fermeture \u00e9clair<\/p>\n","protected":false},"featured_media":5301,"template":"","meta":[],"product_brand":[],"product_cat":[264],"product_tag":[355],"class_list":{"0":"post-6481","1":"product","2":"type-product","3":"status-publish","4":"has-post-thumbnail","6":"product_cat-bottes-et-bottines","7":"product_tag-soldes","9":"first","10":"instock","11":"shipping-taxable","12":"purchasable","13":"product-type-variable"},"_links":{"self":[{"href":"https:\/\/www.king.it\/fr\/wp-json\/wp\/v2\/product\/6481","targetHints":{"allow":["GET"]}}],"collection":[{"href":"https:\/\/www.king.it\/fr\/wp-json\/wp\/v2\/product"}],"about":[{"href":"https:\/\/www.king.it\/fr\/wp-json\/wp\/v2\/types\/product"}],"wp:featuredmedia":[{"embeddable":true,"href":"https:\/\/www.king.it\/fr\/wp-json\/wp\/v2\/media\/5301"}],"wp:attachment":[{"href":"https:\/\/www.king.it\/fr\/wp-json\/wp\/v2\/media?parent=6481"}],"wp:term":[{"taxonomy":"product_brand","embeddable":true,"href":"https:\/\/www.king.it\/fr\/wp-json\/wp\/v2\/product_brand?post=6481"},{"taxonomy":"product_cat","embeddable":true,"href":"https:\/\/www.king.it\/fr\/wp-json\/wp\/v2\/product_cat?post=6481"},{"taxonomy":"product_tag","embeddable":true,"href":"https:\/\/www.king.it\/fr\/wp-json\/wp\/v2\/product_tag?post=6481"}],"curies":[{"name":"wp","href":"https:\/\/api.w.org\/{rel}","templated":true}]}}