{"id":6326,"date":"2024-04-03T12:55:20","date_gmt":"2024-04-03T10:55:20","guid":{"rendered":"https:\/\/www.king.it\/prodotto\/layla-brown"},"modified":"2024-04-03T12:55:20","modified_gmt":"2024-04-03T12:55:20","slug":"layla-brown","status":"publish","type":"product","link":"https:\/\/www.king.it\/fr\/prodotto\/layla-brown","title":{"rendered":"Layla brown"},"content":{"rendered":"<p>Bottine en cuir et doubl\u00e9e avec fermeture \u00e9clair sur le c\u00f4t\u00e9. Tige bross\u00e9e avec effet vieilli sur le bout et le talon.<br \/>\nSemelle en cuir surpiqu\u00e9 avec injection de caoutchouc.<br \/>\nConfortable gr\u00e2ce \u00e0 la semelle int\u00e9rieure en cuir rembourr\u00e9e.<\/p>\n","protected":false},"excerpt":{"rendered":"<p>bottines en cuir marron avec fermeture \u00e9clair<\/p>\n","protected":false},"featured_media":5441,"template":"","meta":[],"product_brand":[],"product_cat":[264],"product_tag":[],"class_list":{"0":"post-6326","1":"product","2":"type-product","3":"status-publish","4":"has-post-thumbnail","6":"product_cat-bottes-et-bottines","8":"first","9":"instock","10":"shipping-taxable","11":"purchasable","12":"product-type-variable"},"_links":{"self":[{"href":"https:\/\/www.king.it\/fr\/wp-json\/wp\/v2\/product\/6326","targetHints":{"allow":["GET"]}}],"collection":[{"href":"https:\/\/www.king.it\/fr\/wp-json\/wp\/v2\/product"}],"about":[{"href":"https:\/\/www.king.it\/fr\/wp-json\/wp\/v2\/types\/product"}],"wp:featuredmedia":[{"embeddable":true,"href":"https:\/\/www.king.it\/fr\/wp-json\/wp\/v2\/media\/5441"}],"wp:attachment":[{"href":"https:\/\/www.king.it\/fr\/wp-json\/wp\/v2\/media?parent=6326"}],"wp:term":[{"taxonomy":"product_brand","embeddable":true,"href":"https:\/\/www.king.it\/fr\/wp-json\/wp\/v2\/product_brand?post=6326"},{"taxonomy":"product_cat","embeddable":true,"href":"https:\/\/www.king.it\/fr\/wp-json\/wp\/v2\/product_cat?post=6326"},{"taxonomy":"product_tag","embeddable":true,"href":"https:\/\/www.king.it\/fr\/wp-json\/wp\/v2\/product_tag?post=6326"}],"curies":[{"name":"wp","href":"https:\/\/api.w.org\/{rel}","templated":true}]}}