{"id":6301,"date":"2024-04-03T08:06:12","date_gmt":"2024-04-03T06:06:12","guid":{"rendered":"https:\/\/www.king.it\/prodotto\/cleo"},"modified":"2025-01-14T16:07:48","modified_gmt":"2025-01-14T14:07:48","slug":"cleo","status":"publish","type":"product","link":"https:\/\/www.king.it\/fr\/prodotto\/cleo","title":{"rendered":"Cleo"},"content":{"rendered":"<p>Bottines en python v\u00e9ritable, non doubl\u00e9es et avec fermeture \u00e9clair sur le c\u00f4t\u00e9. B Bottine teint\u00e9e dans la masse. Semelle en cuir cousue avec injection de caoutchouc. Hauteur du talon 65 mm. Confortable gr\u00e2ce \u00e0 la semelle int\u00e9rieure en cuir rembourr\u00e9e. Le d\u00e9lai de livraison en dehors des pays de l&rsquo;UE est d&rsquo;environ 10 jours ouvrables.<\/p>\n","protected":false},"excerpt":{"rendered":"<p>bottines en python orange<\/p>\n","protected":false},"featured_media":5273,"template":"","meta":[],"product_brand":[],"product_cat":[264],"product_tag":[355],"class_list":{"0":"post-6301","1":"product","2":"type-product","3":"status-publish","4":"has-post-thumbnail","6":"product_cat-bottes-et-bottines","7":"product_tag-soldes","9":"first","10":"instock","11":"shipping-taxable","12":"purchasable","13":"product-type-variable"},"_links":{"self":[{"href":"https:\/\/www.king.it\/fr\/wp-json\/wp\/v2\/product\/6301","targetHints":{"allow":["GET"]}}],"collection":[{"href":"https:\/\/www.king.it\/fr\/wp-json\/wp\/v2\/product"}],"about":[{"href":"https:\/\/www.king.it\/fr\/wp-json\/wp\/v2\/types\/product"}],"wp:featuredmedia":[{"embeddable":true,"href":"https:\/\/www.king.it\/fr\/wp-json\/wp\/v2\/media\/5273"}],"wp:attachment":[{"href":"https:\/\/www.king.it\/fr\/wp-json\/wp\/v2\/media?parent=6301"}],"wp:term":[{"taxonomy":"product_brand","embeddable":true,"href":"https:\/\/www.king.it\/fr\/wp-json\/wp\/v2\/product_brand?post=6301"},{"taxonomy":"product_cat","embeddable":true,"href":"https:\/\/www.king.it\/fr\/wp-json\/wp\/v2\/product_cat?post=6301"},{"taxonomy":"product_tag","embeddable":true,"href":"https:\/\/www.king.it\/fr\/wp-json\/wp\/v2\/product_tag?post=6301"}],"curies":[{"name":"wp","href":"https:\/\/api.w.org\/{rel}","templated":true}]}}