{"id":6235,"date":"2024-04-03T08:01:48","date_gmt":"2024-04-03T06:01:48","guid":{"rendered":"https:\/\/www.king.it\/prodotto\/harper"},"modified":"2025-01-14T16:07:48","modified_gmt":"2025-01-14T14:07:48","slug":"harper","status":"publish","type":"product","link":"https:\/\/www.king.it\/fr\/prodotto\/harper","title":{"rendered":"Harper"},"content":{"rendered":"<p>Bottines avec fermeture \u00e9clair, tige en cuir tress\u00e9 et non doubl\u00e9e. Bottine tuft\u00e9e et lav\u00e9e. Semelle en cuir cousue avec injection de caoutchouc. Hauteur du talon 35 mm. Confortable gr\u00e2ce \u00e0 la semelle int\u00e9rieure en cuir rembourr\u00e9e.<\/p>\n","protected":false},"excerpt":{"rendered":"<p>bottines en cuir tress\u00e9 marron<\/p>\n","protected":false},"featured_media":5249,"template":"","meta":[],"product_brand":[],"product_cat":[264],"product_tag":[355],"class_list":{"0":"post-6235","1":"product","2":"type-product","3":"status-publish","4":"has-post-thumbnail","6":"product_cat-bottes-et-bottines","7":"product_tag-soldes","9":"first","10":"instock","11":"shipping-taxable","12":"purchasable","13":"product-type-variable"},"_links":{"self":[{"href":"https:\/\/www.king.it\/fr\/wp-json\/wp\/v2\/product\/6235","targetHints":{"allow":["GET"]}}],"collection":[{"href":"https:\/\/www.king.it\/fr\/wp-json\/wp\/v2\/product"}],"about":[{"href":"https:\/\/www.king.it\/fr\/wp-json\/wp\/v2\/types\/product"}],"wp:featuredmedia":[{"embeddable":true,"href":"https:\/\/www.king.it\/fr\/wp-json\/wp\/v2\/media\/5249"}],"wp:attachment":[{"href":"https:\/\/www.king.it\/fr\/wp-json\/wp\/v2\/media?parent=6235"}],"wp:term":[{"taxonomy":"product_brand","embeddable":true,"href":"https:\/\/www.king.it\/fr\/wp-json\/wp\/v2\/product_brand?post=6235"},{"taxonomy":"product_cat","embeddable":true,"href":"https:\/\/www.king.it\/fr\/wp-json\/wp\/v2\/product_cat?post=6235"},{"taxonomy":"product_tag","embeddable":true,"href":"https:\/\/www.king.it\/fr\/wp-json\/wp\/v2\/product_tag?post=6235"}],"curies":[{"name":"wp","href":"https:\/\/api.w.org\/{rel}","templated":true}]}}