{"id":6215,"date":"2024-04-03T12:49:39","date_gmt":"2024-04-03T12:49:39","guid":{"rendered":"https:\/\/www.king.it\/prodotto\/luna-brown"},"modified":"2025-10-30T09:59:31","modified_gmt":"2025-10-30T07:59:31","slug":"luna-brown","status":"publish","type":"product","link":"https:\/\/www.king.it\/fr\/prodotto\/luna-brown","title":{"rendered":"Luna &#8211; brown"},"content":{"rendered":"<p>Bottines avec fermeture \u00e9clair, tige en daim et doublure en cuir. Bottines bross\u00e9es \u00e0 effet vintage et peintes d&rsquo;une couleur lamin\u00e9e or clair. Semelle en cuir cousue avec injection de caoutchouc. Hauteur du talon 35 mm. Hauteur du talon 35 mm. Confortable gr\u00e2ce \u00e0 la semelle int\u00e9rieure en cuir rembourr\u00e9e.<\/p>\n","protected":false},"excerpt":{"rendered":"<p>Botte Texan zipp\u00e9e en daim miel<\/p>\n","protected":false},"featured_media":5439,"template":"","meta":[],"product_brand":[],"product_cat":[264],"product_tag":[],"class_list":{"0":"post-6215","1":"product","2":"type-product","3":"status-publish","4":"has-post-thumbnail","6":"product_cat-bottes-et-bottines","8":"first","9":"instock","10":"shipping-taxable","11":"purchasable","12":"product-type-variable"},"_links":{"self":[{"href":"https:\/\/www.king.it\/fr\/wp-json\/wp\/v2\/product\/6215","targetHints":{"allow":["GET"]}}],"collection":[{"href":"https:\/\/www.king.it\/fr\/wp-json\/wp\/v2\/product"}],"about":[{"href":"https:\/\/www.king.it\/fr\/wp-json\/wp\/v2\/types\/product"}],"wp:featuredmedia":[{"embeddable":true,"href":"https:\/\/www.king.it\/fr\/wp-json\/wp\/v2\/media\/5439"}],"wp:attachment":[{"href":"https:\/\/www.king.it\/fr\/wp-json\/wp\/v2\/media?parent=6215"}],"wp:term":[{"taxonomy":"product_brand","embeddable":true,"href":"https:\/\/www.king.it\/fr\/wp-json\/wp\/v2\/product_brand?post=6215"},{"taxonomy":"product_cat","embeddable":true,"href":"https:\/\/www.king.it\/fr\/wp-json\/wp\/v2\/product_cat?post=6215"},{"taxonomy":"product_tag","embeddable":true,"href":"https:\/\/www.king.it\/fr\/wp-json\/wp\/v2\/product_tag?post=6215"}],"curies":[{"name":"wp","href":"https:\/\/api.w.org\/{rel}","templated":true}]}}