{"id":6194,"date":"2024-04-03T08:00:03","date_gmt":"2024-04-03T08:00:03","guid":{"rendered":"https:\/\/www.king.it\/prodotto\/luna-black"},"modified":"2025-10-30T09:57:42","modified_gmt":"2025-10-30T07:57:42","slug":"luna-black","status":"publish","type":"product","link":"https:\/\/www.king.it\/fr\/prodotto\/luna-black","title":{"rendered":"Luna &#8211; black"},"content":{"rendered":"<p>Bottines zipp\u00e9es, tige et doublure en cuir. Bottine tuft\u00e9e et lav\u00e9e. Semelle en cuir surpiqu\u00e9 avec injection de caoutchouc. Hauteur du talon 35 mm. Confortable gr\u00e2ce \u00e0 la semelle int\u00e9rieure en cuir rembourr\u00e9e.<\/p>\n","protected":false},"excerpt":{"rendered":"<p>Botte texane \u00e0 zip en cuir noir Bottines \u00e0 zip, tige et doublure en cuir. Bottine tuft\u00e9e et lav\u00e9e. Semelle en cuir surpiqu\u00e9 avec injection de caoutchouc. Hauteur du talon 35 mm. Confortable gr\u00e2ce \u00e0 la semelle int\u00e9rieure en cuir rembourr\u00e9e.<\/p>\n","protected":false},"featured_media":5245,"template":"","meta":[],"product_brand":[],"product_cat":[264],"product_tag":[],"class_list":{"0":"post-6194","1":"product","2":"type-product","3":"status-publish","4":"has-post-thumbnail","6":"product_cat-bottes-et-bottines","8":"first","9":"instock","10":"shipping-taxable","11":"purchasable","12":"product-type-variable"},"_links":{"self":[{"href":"https:\/\/www.king.it\/fr\/wp-json\/wp\/v2\/product\/6194","targetHints":{"allow":["GET"]}}],"collection":[{"href":"https:\/\/www.king.it\/fr\/wp-json\/wp\/v2\/product"}],"about":[{"href":"https:\/\/www.king.it\/fr\/wp-json\/wp\/v2\/types\/product"}],"wp:featuredmedia":[{"embeddable":true,"href":"https:\/\/www.king.it\/fr\/wp-json\/wp\/v2\/media\/5245"}],"wp:attachment":[{"href":"https:\/\/www.king.it\/fr\/wp-json\/wp\/v2\/media?parent=6194"}],"wp:term":[{"taxonomy":"product_brand","embeddable":true,"href":"https:\/\/www.king.it\/fr\/wp-json\/wp\/v2\/product_brand?post=6194"},{"taxonomy":"product_cat","embeddable":true,"href":"https:\/\/www.king.it\/fr\/wp-json\/wp\/v2\/product_cat?post=6194"},{"taxonomy":"product_tag","embeddable":true,"href":"https:\/\/www.king.it\/fr\/wp-json\/wp\/v2\/product_tag?post=6194"}],"curies":[{"name":"wp","href":"https:\/\/api.w.org\/{rel}","templated":true}]}}