{"id":6153,"date":"2024-04-03T07:56:03","date_gmt":"2024-04-03T05:56:03","guid":{"rendered":"https:\/\/www.king.it\/prodotto\/janet"},"modified":"2024-04-03T07:56:03","modified_gmt":"2024-04-03T07:56:03","slug":"janet","status":"publish","type":"product","link":"https:\/\/www.king.it\/fr\/prodotto\/janet","title":{"rendered":"Janet"},"content":{"rendered":"<p>Bottines Chelsea avec \u00e9lastiques lat\u00e9raux recouverts de cuir, tige et doublure en cuir. Bottines teint\u00e9es dans la masse. Semelle en cuir surpiqu\u00e9 avec injection de caoutchouc. Hauteur du talon 65 mm. Confortable gr\u00e2ce \u00e0 la semelle int\u00e9rieure en cuir rembourr\u00e9e.<\/p>\n","protected":false},"excerpt":{"rendered":"<p>bottes Chelsea en cuir brique<\/p>\n","protected":false},"featured_media":5231,"template":"","meta":[],"product_brand":[],"product_cat":[264],"product_tag":[],"class_list":{"0":"post-6153","1":"product","2":"type-product","3":"status-publish","4":"has-post-thumbnail","6":"product_cat-bottes-et-bottines","8":"first","9":"instock","10":"shipping-taxable","11":"purchasable","12":"product-type-variable"},"_links":{"self":[{"href":"https:\/\/www.king.it\/fr\/wp-json\/wp\/v2\/product\/6153","targetHints":{"allow":["GET"]}}],"collection":[{"href":"https:\/\/www.king.it\/fr\/wp-json\/wp\/v2\/product"}],"about":[{"href":"https:\/\/www.king.it\/fr\/wp-json\/wp\/v2\/types\/product"}],"wp:featuredmedia":[{"embeddable":true,"href":"https:\/\/www.king.it\/fr\/wp-json\/wp\/v2\/media\/5231"}],"wp:attachment":[{"href":"https:\/\/www.king.it\/fr\/wp-json\/wp\/v2\/media?parent=6153"}],"wp:term":[{"taxonomy":"product_brand","embeddable":true,"href":"https:\/\/www.king.it\/fr\/wp-json\/wp\/v2\/product_brand?post=6153"},{"taxonomy":"product_cat","embeddable":true,"href":"https:\/\/www.king.it\/fr\/wp-json\/wp\/v2\/product_cat?post=6153"},{"taxonomy":"product_tag","embeddable":true,"href":"https:\/\/www.king.it\/fr\/wp-json\/wp\/v2\/product_tag?post=6153"}],"curies":[{"name":"wp","href":"https:\/\/api.w.org\/{rel}","templated":true}]}}