{"id":6087,"date":"2024-04-03T07:49:19","date_gmt":"2024-04-03T05:49:19","guid":{"rendered":"https:\/\/www.king.it\/prodotto\/sandra"},"modified":"2025-01-10T18:04:59","modified_gmt":"2025-01-10T16:04:59","slug":"sandra","status":"publish","type":"product","link":"https:\/\/www.king.it\/fr\/prodotto\/sandra","title":{"rendered":"Sandra"},"content":{"rendered":"<p>Bottines avec tige et doublure en cuir. Bottines tuft\u00e9es et lav\u00e9es avec lacets et fermeture \u00e9clair lat\u00e9rale. Semelle en cuir surpiqu\u00e9 avec injection de caoutchouc. Confortable gr\u00e2ce \u00e0 la semelle int\u00e9rieure en cuir rembourr\u00e9e.<\/p>\n","protected":false},"excerpt":{"rendered":"<p>bottines \u00e0 lacets en cuir marron<\/p>\n","protected":false},"featured_media":5207,"template":"","meta":[],"product_brand":[],"product_cat":[264],"product_tag":[],"class_list":{"0":"post-6087","1":"product","2":"type-product","3":"status-publish","4":"has-post-thumbnail","6":"product_cat-bottes-et-bottines","8":"first","9":"instock","10":"shipping-taxable","11":"purchasable","12":"product-type-variable"},"_links":{"self":[{"href":"https:\/\/www.king.it\/fr\/wp-json\/wp\/v2\/product\/6087","targetHints":{"allow":["GET"]}}],"collection":[{"href":"https:\/\/www.king.it\/fr\/wp-json\/wp\/v2\/product"}],"about":[{"href":"https:\/\/www.king.it\/fr\/wp-json\/wp\/v2\/types\/product"}],"wp:featuredmedia":[{"embeddable":true,"href":"https:\/\/www.king.it\/fr\/wp-json\/wp\/v2\/media\/5207"}],"wp:attachment":[{"href":"https:\/\/www.king.it\/fr\/wp-json\/wp\/v2\/media?parent=6087"}],"wp:term":[{"taxonomy":"product_brand","embeddable":true,"href":"https:\/\/www.king.it\/fr\/wp-json\/wp\/v2\/product_brand?post=6087"},{"taxonomy":"product_cat","embeddable":true,"href":"https:\/\/www.king.it\/fr\/wp-json\/wp\/v2\/product_cat?post=6087"},{"taxonomy":"product_tag","embeddable":true,"href":"https:\/\/www.king.it\/fr\/wp-json\/wp\/v2\/product_tag?post=6087"}],"curies":[{"name":"wp","href":"https:\/\/api.w.org\/{rel}","templated":true}]}}