{"id":5984,"date":"2024-04-03T07:39:00","date_gmt":"2024-04-03T05:39:00","guid":{"rendered":"https:\/\/www.king.it\/prodotto\/greta"},"modified":"2025-01-14T16:07:49","modified_gmt":"2025-01-14T14:07:49","slug":"greta","status":"publish","type":"product","link":"https:\/\/www.king.it\/fr\/prodotto\/greta","title":{"rendered":"Greta"},"content":{"rendered":"<p>Bottine tuft\u00e9e et lav\u00e9e avec tige et doublure en cuir. Semelle cousue en cuir avec injection de caoutchouc et talon en cuir \u00e0 effet mosa\u00efque d&rsquo;une hauteur de 40 mm. Confortable gr\u00e2ce \u00e0 la semelle int\u00e9rieure en cuir matelass\u00e9e.<\/p>\n","protected":false},"excerpt":{"rendered":"<p>bottines en cuir noir<\/p>\n","protected":false},"featured_media":5175,"template":"","meta":[],"product_brand":[],"product_cat":[264],"product_tag":[355],"class_list":{"0":"post-5984","1":"product","2":"type-product","3":"status-publish","4":"has-post-thumbnail","6":"product_cat-bottes-et-bottines","7":"product_tag-soldes","9":"first","10":"instock","11":"shipping-taxable","12":"purchasable","13":"product-type-variable"},"_links":{"self":[{"href":"https:\/\/www.king.it\/fr\/wp-json\/wp\/v2\/product\/5984","targetHints":{"allow":["GET"]}}],"collection":[{"href":"https:\/\/www.king.it\/fr\/wp-json\/wp\/v2\/product"}],"about":[{"href":"https:\/\/www.king.it\/fr\/wp-json\/wp\/v2\/types\/product"}],"wp:featuredmedia":[{"embeddable":true,"href":"https:\/\/www.king.it\/fr\/wp-json\/wp\/v2\/media\/5175"}],"wp:attachment":[{"href":"https:\/\/www.king.it\/fr\/wp-json\/wp\/v2\/media?parent=5984"}],"wp:term":[{"taxonomy":"product_brand","embeddable":true,"href":"https:\/\/www.king.it\/fr\/wp-json\/wp\/v2\/product_brand?post=5984"},{"taxonomy":"product_cat","embeddable":true,"href":"https:\/\/www.king.it\/fr\/wp-json\/wp\/v2\/product_cat?post=5984"},{"taxonomy":"product_tag","embeddable":true,"href":"https:\/\/www.king.it\/fr\/wp-json\/wp\/v2\/product_tag?post=5984"}],"curies":[{"name":"wp","href":"https:\/\/api.w.org\/{rel}","templated":true}]}}