{"id":5952,"date":"2024-04-03T07:34:11","date_gmt":"2024-04-03T05:34:11","guid":{"rendered":"https:\/\/www.king.it\/prodotto\/molly"},"modified":"2024-04-03T07:34:11","modified_gmt":"2024-04-03T07:34:11","slug":"molly","status":"publish","type":"product","link":"https:\/\/www.king.it\/fr\/prodotto\/molly","title":{"rendered":"Molly"},"content":{"rendered":"<p>Bottines \u00e0 double fermeture \u00e9clair lat\u00e9rale, tige en cuir et doublure en cuir. Bottines tuft\u00e9es et lav\u00e9es avec semelle cousue en cuir et injection de caoutchouc. Talon en cuir avec motif mosa\u00efque de 40 mm de haut. Confortable gr\u00e2ce \u00e0 la semelle int\u00e9rieure en cuir matelass\u00e9e.<\/p>\n","protected":false},"excerpt":{"rendered":"<p>Bottines en cuir noir \u00e0 double fermeture \u00e9clair<\/p>\n","protected":false},"featured_media":5161,"template":"","meta":[],"product_brand":[],"product_cat":[264],"product_tag":[],"class_list":{"0":"post-5952","1":"product","2":"type-product","3":"status-publish","4":"has-post-thumbnail","6":"product_cat-bottes-et-bottines","8":"first","9":"instock","10":"shipping-taxable","11":"purchasable","12":"product-type-variable"},"_links":{"self":[{"href":"https:\/\/www.king.it\/fr\/wp-json\/wp\/v2\/product\/5952","targetHints":{"allow":["GET"]}}],"collection":[{"href":"https:\/\/www.king.it\/fr\/wp-json\/wp\/v2\/product"}],"about":[{"href":"https:\/\/www.king.it\/fr\/wp-json\/wp\/v2\/types\/product"}],"wp:featuredmedia":[{"embeddable":true,"href":"https:\/\/www.king.it\/fr\/wp-json\/wp\/v2\/media\/5161"}],"wp:attachment":[{"href":"https:\/\/www.king.it\/fr\/wp-json\/wp\/v2\/media?parent=5952"}],"wp:term":[{"taxonomy":"product_brand","embeddable":true,"href":"https:\/\/www.king.it\/fr\/wp-json\/wp\/v2\/product_brand?post=5952"},{"taxonomy":"product_cat","embeddable":true,"href":"https:\/\/www.king.it\/fr\/wp-json\/wp\/v2\/product_cat?post=5952"},{"taxonomy":"product_tag","embeddable":true,"href":"https:\/\/www.king.it\/fr\/wp-json\/wp\/v2\/product_tag?post=5952"}],"curies":[{"name":"wp","href":"https:\/\/api.w.org\/{rel}","templated":true}]}}