{"id":5904,"date":"2026-01-01T17:18:12","date_gmt":"2026-01-01T15:18:12","guid":{"rendered":"https:\/\/www.king.it\/prodotto\/erica-black"},"modified":"2026-01-05T12:40:52","modified_gmt":"2026-01-05T10:40:52","slug":"erica-black","status":"publish","type":"product","link":"https:\/\/www.king.it\/fr\/prodotto\/erica-black","title":{"rendered":"Erica Black"},"content":{"rendered":"<p>Bottines chelsea \u00e0 tige en cuir et doublure en cuir. Bottines d\u00e9lav\u00e9es et d\u00e9collet\u00e9es. Semelle en cuir surpiqu\u00e9 avec injection de caoutchouc. Confortable gr\u00e2ce \u00e0 la semelle int\u00e9rieure en cuir matelass\u00e9e.<\/p>\n","protected":false},"excerpt":{"rendered":"<p>bottines Chelsea en cuir noire<\/p>\n","protected":false},"featured_media":5155,"template":"","meta":[],"product_brand":[],"product_cat":[264],"product_tag":[],"class_list":{"0":"post-5904","1":"product","2":"type-product","3":"status-publish","4":"has-post-thumbnail","6":"product_cat-bottes-et-bottines","8":"first","9":"instock","10":"shipping-taxable","11":"purchasable","12":"product-type-variable"},"_links":{"self":[{"href":"https:\/\/www.king.it\/fr\/wp-json\/wp\/v2\/product\/5904","targetHints":{"allow":["GET"]}}],"collection":[{"href":"https:\/\/www.king.it\/fr\/wp-json\/wp\/v2\/product"}],"about":[{"href":"https:\/\/www.king.it\/fr\/wp-json\/wp\/v2\/types\/product"}],"wp:featuredmedia":[{"embeddable":true,"href":"https:\/\/www.king.it\/fr\/wp-json\/wp\/v2\/media\/5155"}],"wp:attachment":[{"href":"https:\/\/www.king.it\/fr\/wp-json\/wp\/v2\/media?parent=5904"}],"wp:term":[{"taxonomy":"product_brand","embeddable":true,"href":"https:\/\/www.king.it\/fr\/wp-json\/wp\/v2\/product_brand?post=5904"},{"taxonomy":"product_cat","embeddable":true,"href":"https:\/\/www.king.it\/fr\/wp-json\/wp\/v2\/product_cat?post=5904"},{"taxonomy":"product_tag","embeddable":true,"href":"https:\/\/www.king.it\/fr\/wp-json\/wp\/v2\/product_tag?post=5904"}],"curies":[{"name":"wp","href":"https:\/\/api.w.org\/{rel}","templated":true}]}}