{"id":5859,"date":"2024-03-28T17:11:04","date_gmt":"2024-03-28T15:11:04","guid":{"rendered":"https:\/\/www.king.it\/prodotto\/julia"},"modified":"2025-01-14T16:07:55","modified_gmt":"2025-01-14T14:07:55","slug":"julia","status":"publish","type":"product","link":"https:\/\/www.king.it\/fr\/prodotto\/julia","title":{"rendered":"Julia"},"content":{"rendered":"<p>Chaussure \u00e0 lacets pour femme avec tige en cuir et non doubl\u00e9e. Chaussure lav\u00e9e et tremp\u00e9e. Semelle en cuir cousue avec injection de caoutchouc. Confortable gr\u00e2ce \u00e0 la semelle int\u00e9rieure en cuir rembourr\u00e9e.<\/p>\n","protected":false},"excerpt":{"rendered":"<p>chaussure \u00e0 lacets en cuir perfor\u00e9 rouge<\/p>\n","protected":false},"featured_media":5133,"template":"","meta":[],"product_brand":[],"product_cat":[259],"product_tag":[355],"class_list":{"0":"post-5859","1":"product","2":"type-product","3":"status-publish","4":"has-post-thumbnail","6":"product_cat-les-chaussures","7":"product_tag-soldes","9":"first","10":"instock","11":"shipping-taxable","12":"purchasable","13":"product-type-variable"},"_links":{"self":[{"href":"https:\/\/www.king.it\/fr\/wp-json\/wp\/v2\/product\/5859","targetHints":{"allow":["GET"]}}],"collection":[{"href":"https:\/\/www.king.it\/fr\/wp-json\/wp\/v2\/product"}],"about":[{"href":"https:\/\/www.king.it\/fr\/wp-json\/wp\/v2\/types\/product"}],"wp:featuredmedia":[{"embeddable":true,"href":"https:\/\/www.king.it\/fr\/wp-json\/wp\/v2\/media\/5133"}],"wp:attachment":[{"href":"https:\/\/www.king.it\/fr\/wp-json\/wp\/v2\/media?parent=5859"}],"wp:term":[{"taxonomy":"product_brand","embeddable":true,"href":"https:\/\/www.king.it\/fr\/wp-json\/wp\/v2\/product_brand?post=5859"},{"taxonomy":"product_cat","embeddable":true,"href":"https:\/\/www.king.it\/fr\/wp-json\/wp\/v2\/product_cat?post=5859"},{"taxonomy":"product_tag","embeddable":true,"href":"https:\/\/www.king.it\/fr\/wp-json\/wp\/v2\/product_tag?post=5859"}],"curies":[{"name":"wp","href":"https:\/\/api.w.org\/{rel}","templated":true}]}}