{"id":5839,"date":"2024-04-03T12:44:44","date_gmt":"2024-04-03T10:44:44","guid":{"rendered":"https:\/\/www.king.it\/prodotto\/megan-brown"},"modified":"2025-01-14T16:07:54","modified_gmt":"2025-01-14T14:07:54","slug":"megan-brown","status":"publish","type":"product","link":"https:\/\/www.king.it\/fr\/prodotto\/megan-brown","title":{"rendered":"Megan-Brown"},"content":{"rendered":"<p>Chaussure \u00e0 lacets pour femme avec tige et doublure en cuir. Lacets \u00e9lastiques marron fonctionnels pour l&rsquo;ajustement. Chaussure lav\u00e9e et tremp\u00e9e. Semelle en cuir cousue avec injection de caoutchouc. Confortable gr\u00e2ce \u00e0 la semelle int\u00e9rieure en cuir rembourr\u00e9e.<\/p>\n","protected":false},"excerpt":{"rendered":"<p>Chaussure derby en cuir marron<\/p>\n","protected":false},"featured_media":5427,"template":"","meta":[],"product_brand":[],"product_cat":[259],"product_tag":[355],"class_list":{"0":"post-5839","1":"product","2":"type-product","3":"status-publish","4":"has-post-thumbnail","6":"product_cat-les-chaussures","7":"product_tag-soldes","9":"first","10":"instock","11":"shipping-taxable","12":"purchasable","13":"product-type-variable"},"_links":{"self":[{"href":"https:\/\/www.king.it\/fr\/wp-json\/wp\/v2\/product\/5839","targetHints":{"allow":["GET"]}}],"collection":[{"href":"https:\/\/www.king.it\/fr\/wp-json\/wp\/v2\/product"}],"about":[{"href":"https:\/\/www.king.it\/fr\/wp-json\/wp\/v2\/types\/product"}],"wp:featuredmedia":[{"embeddable":true,"href":"https:\/\/www.king.it\/fr\/wp-json\/wp\/v2\/media\/5427"}],"wp:attachment":[{"href":"https:\/\/www.king.it\/fr\/wp-json\/wp\/v2\/media?parent=5839"}],"wp:term":[{"taxonomy":"product_brand","embeddable":true,"href":"https:\/\/www.king.it\/fr\/wp-json\/wp\/v2\/product_brand?post=5839"},{"taxonomy":"product_cat","embeddable":true,"href":"https:\/\/www.king.it\/fr\/wp-json\/wp\/v2\/product_cat?post=5839"},{"taxonomy":"product_tag","embeddable":true,"href":"https:\/\/www.king.it\/fr\/wp-json\/wp\/v2\/product_tag?post=5839"}],"curies":[{"name":"wp","href":"https:\/\/api.w.org\/{rel}","templated":true}]}}