{"id":5805,"date":"2024-03-28T17:06:28","date_gmt":"2024-03-28T15:06:28","guid":{"rendered":"https:\/\/www.king.it\/prodotto\/emily"},"modified":"2025-01-14T16:07:55","modified_gmt":"2025-01-14T14:07:55","slug":"emily","status":"publish","type":"product","link":"https:\/\/www.king.it\/fr\/prodotto\/emily","title":{"rendered":"Emily"},"content":{"rendered":"<p>Mocassin pour femme avec tige en cuir souple. Doublure en cuir et semelle en caoutchouc avec tr\u00e9pointe en cuir. Coupe r\u00e9guli\u00e8re et confortable gr\u00e2ce \u00e0 la semelle int\u00e9rieure en cuir rembourr\u00e9e.<\/p>\n","protected":false},"excerpt":{"rendered":"<p>mocassins en cuir couleur lait<\/p>\n","protected":false},"featured_media":5121,"template":"","meta":[],"product_brand":[],"product_cat":[252],"product_tag":[355],"class_list":{"0":"post-5805","1":"product","2":"type-product","3":"status-publish","4":"has-post-thumbnail","6":"product_cat-mocassin","7":"product_tag-soldes","9":"first","10":"instock","11":"shipping-taxable","12":"purchasable","13":"product-type-variable"},"_links":{"self":[{"href":"https:\/\/www.king.it\/fr\/wp-json\/wp\/v2\/product\/5805","targetHints":{"allow":["GET"]}}],"collection":[{"href":"https:\/\/www.king.it\/fr\/wp-json\/wp\/v2\/product"}],"about":[{"href":"https:\/\/www.king.it\/fr\/wp-json\/wp\/v2\/types\/product"}],"wp:featuredmedia":[{"embeddable":true,"href":"https:\/\/www.king.it\/fr\/wp-json\/wp\/v2\/media\/5121"}],"wp:attachment":[{"href":"https:\/\/www.king.it\/fr\/wp-json\/wp\/v2\/media?parent=5805"}],"wp:term":[{"taxonomy":"product_brand","embeddable":true,"href":"https:\/\/www.king.it\/fr\/wp-json\/wp\/v2\/product_brand?post=5805"},{"taxonomy":"product_cat","embeddable":true,"href":"https:\/\/www.king.it\/fr\/wp-json\/wp\/v2\/product_cat?post=5805"},{"taxonomy":"product_tag","embeddable":true,"href":"https:\/\/www.king.it\/fr\/wp-json\/wp\/v2\/product_tag?post=5805"}],"curies":[{"name":"wp","href":"https:\/\/api.w.org\/{rel}","templated":true}]}}