{"id":5777,"date":"2024-03-28T16:36:42","date_gmt":"2024-03-28T14:36:42","guid":{"rendered":"https:\/\/www.king.it\/prodotto\/mia"},"modified":"2024-03-28T16:36:42","modified_gmt":"2024-03-28T16:36:42","slug":"mia","status":"publish","type":"product","link":"https:\/\/www.king.it\/fr\/prodotto\/mia","title":{"rendered":"MIA"},"content":{"rendered":"<p>Mocassin l\u00e9ger pour femme avec tige en cuir tress\u00e9 et doublure en cuir l\u00e9ger. Chaussure lav\u00e9e et tremp\u00e9e. Semelle en cuir surpiqu\u00e9 avec injection de caoutchouc. Coupe r\u00e9guli\u00e8re et confortable gr\u00e2ce \u00e0 la semelle int\u00e9rieure en cuir rembourr\u00e9e.<\/p>\n","protected":false},"excerpt":{"rendered":"<p>mocassins en cuir tiss\u00e9 marron<\/p>\n","protected":false},"featured_media":5109,"template":"","meta":[],"product_brand":[],"product_cat":[252],"product_tag":[255,254,257,253,256],"class_list":{"0":"post-5777","1":"product","2":"type-product","3":"status-publish","4":"has-post-thumbnail","6":"product_cat-mocassin","7":"product_tag-chaussures-de-femme","8":"product_tag-femme","9":"product_tag-mocassin-fr","10":"product_tag-mocassin","11":"product_tag-mocassins-pour-femmes","13":"first","14":"instock","15":"shipping-taxable","16":"purchasable","17":"product-type-variable"},"_links":{"self":[{"href":"https:\/\/www.king.it\/fr\/wp-json\/wp\/v2\/product\/5777","targetHints":{"allow":["GET"]}}],"collection":[{"href":"https:\/\/www.king.it\/fr\/wp-json\/wp\/v2\/product"}],"about":[{"href":"https:\/\/www.king.it\/fr\/wp-json\/wp\/v2\/types\/product"}],"wp:featuredmedia":[{"embeddable":true,"href":"https:\/\/www.king.it\/fr\/wp-json\/wp\/v2\/media\/5109"}],"wp:attachment":[{"href":"https:\/\/www.king.it\/fr\/wp-json\/wp\/v2\/media?parent=5777"}],"wp:term":[{"taxonomy":"product_brand","embeddable":true,"href":"https:\/\/www.king.it\/fr\/wp-json\/wp\/v2\/product_brand?post=5777"},{"taxonomy":"product_cat","embeddable":true,"href":"https:\/\/www.king.it\/fr\/wp-json\/wp\/v2\/product_cat?post=5777"},{"taxonomy":"product_tag","embeddable":true,"href":"https:\/\/www.king.it\/fr\/wp-json\/wp\/v2\/product_tag?post=5777"}],"curies":[{"name":"wp","href":"https:\/\/api.w.org\/{rel}","templated":true}]}}