{"id":5764,"date":"2024-03-28T16:34:29","date_gmt":"2024-03-28T14:34:29","guid":{"rendered":"https:\/\/www.king.it\/prodotto\/poppy"},"modified":"2025-01-14T16:07:53","modified_gmt":"2025-01-14T14:07:53","slug":"poppy","status":"publish","type":"product","link":"https:\/\/www.king.it\/fr\/prodotto\/poppy","title":{"rendered":"Poppy"},"content":{"rendered":"<p>Mocassin pour femme avec tige en cuir tress\u00e9 et doublure en cuir. Semelle en cuir avec talon de 68 mm et plateforme en cuir de 15 mm. Forme r\u00e9guli\u00e8re et confortable gr\u00e2ce \u00e0 la semelle int\u00e9rieure en cuir rembourr\u00e9e.<\/p>\n","protected":false},"excerpt":{"rendered":"<p>mocassins en cuir tress\u00e9 de couleur de miel avec plateforme<\/p>\n","protected":false},"featured_media":5103,"template":"","meta":[],"product_brand":[],"product_cat":[252],"product_tag":[255,254,257,253,256],"class_list":{"0":"post-5764","1":"product","2":"type-product","3":"status-publish","4":"has-post-thumbnail","6":"product_cat-mocassin","7":"product_tag-chaussures-de-femme","8":"product_tag-femme","9":"product_tag-mocassin-fr","10":"product_tag-mocassin","11":"product_tag-mocassins-pour-femmes","13":"first","14":"instock","15":"shipping-taxable","16":"purchasable","17":"product-type-variable"},"_links":{"self":[{"href":"https:\/\/www.king.it\/fr\/wp-json\/wp\/v2\/product\/5764","targetHints":{"allow":["GET"]}}],"collection":[{"href":"https:\/\/www.king.it\/fr\/wp-json\/wp\/v2\/product"}],"about":[{"href":"https:\/\/www.king.it\/fr\/wp-json\/wp\/v2\/types\/product"}],"wp:featuredmedia":[{"embeddable":true,"href":"https:\/\/www.king.it\/fr\/wp-json\/wp\/v2\/media\/5103"}],"wp:attachment":[{"href":"https:\/\/www.king.it\/fr\/wp-json\/wp\/v2\/media?parent=5764"}],"wp:term":[{"taxonomy":"product_brand","embeddable":true,"href":"https:\/\/www.king.it\/fr\/wp-json\/wp\/v2\/product_brand?post=5764"},{"taxonomy":"product_cat","embeddable":true,"href":"https:\/\/www.king.it\/fr\/wp-json\/wp\/v2\/product_cat?post=5764"},{"taxonomy":"product_tag","embeddable":true,"href":"https:\/\/www.king.it\/fr\/wp-json\/wp\/v2\/product_tag?post=5764"}],"curies":[{"name":"wp","href":"https:\/\/api.w.org\/{rel}","templated":true}]}}