{"id":5735,"date":"2024-03-28T16:32:17","date_gmt":"2024-03-28T14:32:17","guid":{"rendered":"https:\/\/www.king.it\/prodotto\/jasmine"},"modified":"2024-03-28T16:32:17","modified_gmt":"2024-03-28T16:32:17","slug":"jasmine","status":"publish","type":"product","link":"https:\/\/www.king.it\/fr\/prodotto\/jasmine","title":{"rendered":"Jasmine"},"content":{"rendered":"<p>Mocassin doubl\u00e9 de cuir, fabriqu\u00e9 en Italie, avec tige en agneau, semelle en cuir surpiqu\u00e9 et injection de caoutchouc. Chaussure \u00e0 talon haut de 60 mm. Coupe r\u00e9guli\u00e8re et confortable gr\u00e2ce \u00e0 la semelle int\u00e9rieure en cuir rembourr\u00e9e.<\/p>\n","protected":false},"excerpt":{"rendered":"<p>mocassin en cui kaki<\/p>\n","protected":false},"featured_media":7305,"template":"","meta":[],"product_brand":[],"product_cat":[252],"product_tag":[355],"class_list":{"0":"post-5735","1":"product","2":"type-product","3":"status-publish","4":"has-post-thumbnail","6":"product_cat-mocassin","7":"product_tag-soldes","9":"first","10":"instock","11":"shipping-taxable","12":"purchasable","13":"product-type-variable"},"_links":{"self":[{"href":"https:\/\/www.king.it\/fr\/wp-json\/wp\/v2\/product\/5735","targetHints":{"allow":["GET"]}}],"collection":[{"href":"https:\/\/www.king.it\/fr\/wp-json\/wp\/v2\/product"}],"about":[{"href":"https:\/\/www.king.it\/fr\/wp-json\/wp\/v2\/types\/product"}],"wp:featuredmedia":[{"embeddable":true,"href":"https:\/\/www.king.it\/fr\/wp-json\/wp\/v2\/media\/7305"}],"wp:attachment":[{"href":"https:\/\/www.king.it\/fr\/wp-json\/wp\/v2\/media?parent=5735"}],"wp:term":[{"taxonomy":"product_brand","embeddable":true,"href":"https:\/\/www.king.it\/fr\/wp-json\/wp\/v2\/product_brand?post=5735"},{"taxonomy":"product_cat","embeddable":true,"href":"https:\/\/www.king.it\/fr\/wp-json\/wp\/v2\/product_cat?post=5735"},{"taxonomy":"product_tag","embeddable":true,"href":"https:\/\/www.king.it\/fr\/wp-json\/wp\/v2\/product_tag?post=5735"}],"curies":[{"name":"wp","href":"https:\/\/api.w.org\/{rel}","templated":true}]}}