{"id":5661,"date":"2024-03-28T08:55:23","date_gmt":"2024-03-28T08:55:23","guid":{"rendered":"https:\/\/www.king.it\/traitements"},"modified":"2024-08-27T11:07:08","modified_gmt":"2024-08-27T11:07:08","slug":"traitements","status":"publish","type":"page","link":"https:\/\/www.king.it\/fr\/traitements","title":{"rendered":"Traitements"},"content":{"rendered":"<div class=\"wpb-content-wrapper\"><p>[vc_row full_width=\u00a0\u00bbstretch_row_content\u00a0\u00bb content_placement=\u00a0\u00bbmiddle\u00a0\u00bb css=\u00a0\u00bb.vc_custom_1721826045229{background-image: url(https:\/\/www.king.it\/wp-content\/uploads\/2024\/07\/1_king_lavorazioni_3.jpg?id=4658) !important;background-position: center !important;background-repeat: no-repeat !important;background-size: cover !important;}\u00a0\u00bb el_class=\u00a0\u00bbbanner_copertina\u00a0\u00bb][vc_column css=\u00a0\u00bb.vc_custom_1711624547439{background-position: center !important;background-repeat: no-repeat !important;background-size: cover !important;}\u00a0\u00bb][vc_custom_heading text=\u00a0\u00bbTRAITEMENTS\u00a0\u00bb font_container=\u00a0\u00bbtag:h1|text_align:center\u00a0\u00bb use_theme_fonts=\u00a0\u00bbyes\u00a0\u00bb el_class=\u00a0\u00bbtitolo_headpagina\u00a0\u00bb][vc_column_text el_class=\u00a0\u00bbsottitolo_headpagina\u00a0\u00bb]Artisanat et innovation technologique dans la production de chaussures de haute qualit\u00e9.[\/vc_column_text][\/vc_column][\/vc_row][vc_row full_width=\u00a0\u00bbstretch_row_content_no_spaces\u00a0\u00bb equal_height=\u00a0\u00bbyes\u00a0\u00bb content_placement=\u00a0\u00bbmiddle\u00a0\u00bb el_class=\u00a0\u00bbmtop-60 riga_lavorazioni myreverse ptop\u00a0\u00bb][vc_column width=\u00a0\u00bb1\/2&Prime; el_class=\u00a0\u00bbcolfotobg_lavorazioni\u00a0\u00bb css=\u00a0\u00bb.vc_custom_1721828078165{background-image: url(https:\/\/www.king.it\/wp-content\/uploads\/2024\/07\/1_king_lavorazioni_tinto-in-capo.jpg?id=4693) !important;background-position: center !important;background-repeat: no-repeat !important;background-size: contain !important;}\u00a0\u00bb][\/vc_column][vc_column width=\u00a0\u00bb1\/2&Prime; el_class=\u00a0\u00bbcolfotobg_lavorazioni\u00a0\u00bb][vc_custom_heading text=\u00a0\u00bbTEINTURE EN PI\u00c8CE\u00a0\u00bb font_container=\u00a0\u00bbtag:h2|text_align:center\u00a0\u00bb use_theme_fonts=\u00a0\u00bbyes\u00a0\u00bb el_class=\u00a0\u00bbtitoloh5_brown\u00a0\u00bb][vc_column_text el_class=\u00a0\u00bbparagrafo_blocco\u00a0\u00bb]<\/p>\n<p class=\"p1\" style=\"text-align: center;\">La teinture en pi\u00e8ce est une technique raffin\u00e9e qui permet de colorer la chaussure apr\u00e8s qu&rsquo;elle ait \u00e9t\u00e9 construite et de la compl\u00e9ter avec un long processus de finition. Ainsi, chaque chaussure est caract\u00e9ris\u00e9e par des nuances de couleur qui la rendent unique.<\/p>\n<p class=\"p1\" style=\"text-align: center;\">La chaussure teinte en pi\u00e8ce conserve une douceur exceptionnelle et un charme vintage, elle est unique et exclusive dans son imperfection, et le temps qui passe lui conf\u00e8re une valeur ajout\u00e9e et une beaut\u00e9 \u00e0 l&rsquo;\u00e2me &lsquo;v\u00e9cue&rsquo;.<\/p>\n<p>[\/vc_column_text][\/vc_column][\/vc_row][vc_row full_width=\u00a0\u00bbstretch_row_content_no_spaces\u00a0\u00bb equal_height=\u00a0\u00bbyes\u00a0\u00bb content_placement=\u00a0\u00bbmiddle\u00a0\u00bb el_class=\u00a0\u00bbriga_lavorazioni\u00a0\u00bb][vc_column width=\u00a0\u00bb1\/2&Prime; el_class=\u00a0\u00bbcolfotobg_lavorazioni\u00a0\u00bb][vc_custom_heading text=\u00a0\u00bbPLONG\u00c9 ET LAVAGE \u00c0 LA PIERRE\u00a0\u00bb font_container=\u00a0\u00bbtag:h2|text_align:center\u00a0\u00bb use_theme_fonts=\u00a0\u00bbyes\u00a0\u00bb el_class=\u00a0\u00bbtitoloh5_brown\u00a0\u00bb][vc_column_text el_class=\u00a0\u00bbparagrafo_blocco\u00a0\u00bb]<\/p>\n<p class=\"p1\" style=\"text-align: center;\">Gr\u00e2ce \u00e0 la technique du stonewashed, les chaussures sont &lsquo;plong\u00e9es&rsquo; dans la couleur dans des cuves sp\u00e9ciales puis lav\u00e9es avec des pierres ponces. Le r\u00e9sultat rend la chaussure plus attrayante, r\u00e9sistante et durable, offrant un m\u00e9lange de confort et d&rsquo;\u00e9l\u00e9gance.<\/p>\n<p class=\"p1\" style=\"text-align: center;\">Gr\u00e2ce au long processus de finition, la chaussure brille avec une luminosit\u00e9 unique.<\/p>\n<p>[\/vc_column_text][\/vc_column][vc_column width=\u00a0\u00bb1\/2&Prime; el_class=\u00a0\u00bbcolfotobg_lavorazioni\u00a0\u00bb css=\u00a0\u00bb.vc_custom_1721828071412{background-image: url(https:\/\/www.king.it\/wp-content\/uploads\/2024\/07\/2_king_lavorazioni_lavaggio-a-pietra.jpg?id=4694) !important;background-position: center !important;background-repeat: no-repeat !important;background-size: contain !important;}\u00a0\u00bb][\/vc_column][\/vc_row][vc_row full_width=\u00a0\u00bbstretch_row_content_no_spaces\u00a0\u00bb equal_height=\u00a0\u00bbyes\u00a0\u00bb content_placement=\u00a0\u00bbmiddle\u00a0\u00bb el_class=\u00a0\u00bbriga_lavorazioni myreverse\u00a0\u00bb][vc_column width=\u00a0\u00bb1\/2&Prime; el_class=\u00a0\u00bbcolfotobg_lavorazioni\u00a0\u00bb css=\u00a0\u00bb.vc_custom_1721828064766{background-image: url(https:\/\/www.king.it\/wp-content\/uploads\/2024\/07\/3_king_lavorazioni_a-sacchetto.jpg?id=4695) !important;background-position: center !important;background-repeat: no-repeat !important;background-size: contain !important;}\u00a0\u00bb][\/vc_column][vc_column width=\u00a0\u00bb1\/2&Prime; el_class=\u00a0\u00bbcolfotobg_lavorazioni\u00a0\u00bb][vc_custom_heading text=\u00a0\u00bb\u00c0 SAC\u00a0\u00bb font_container=\u00a0\u00bbtag:h2|text_align:center\u00a0\u00bb use_theme_fonts=\u00a0\u00bbyes\u00a0\u00bb el_class=\u00a0\u00bbtitoloh5_brown\u00a0\u00bb][vc_column_text el_class=\u00a0\u00bbparagrafo_blocco\u00a0\u00bb]<\/p>\n<p class=\"p1\" style=\"text-align: center;\">La m\u00e9thode &lsquo;\u00e0 sac&rsquo; dans la fabrication des chaussures implique la cr\u00e9ation d&rsquo;une doublure cousue autour de la forme de la chaussure, semblable \u00e0 un gant sur mesure ou \u00e0 un sac. Entre la semelle et la doublure, un mat\u00e9riau rembourr\u00e9 et respirant est ins\u00e9r\u00e9 pour absorber les chocs, garantissant solidit\u00e9 et confort au produit fini.<\/p>\n<p>[\/vc_column_text][\/vc_column][\/vc_row][vc_row full_width=\u00a0\u00bbstretch_row_content_no_spaces\u00a0\u00bb equal_height=\u00a0\u00bbyes\u00a0\u00bb content_placement=\u00a0\u00bbmiddle\u00a0\u00bb el_class=\u00a0\u00bbriga_lavorazioni\u00a0\u00bb][vc_column width=\u00a0\u00bb1\/2&Prime; el_class=\u00a0\u00bbcolfotobg_lavorazioni\u00a0\u00bb][vc_custom_heading text=\u00a0\u00bbBLAKE\u00a0\u00bb font_container=\u00a0\u00bbtag:h2|text_align:center\u00a0\u00bb use_theme_fonts=\u00a0\u00bbyes\u00a0\u00bb el_class=\u00a0\u00bbtitoloh5_brown\u00a0\u00bb][vc_column_text el_class=\u00a0\u00bbparagrafo_blocco\u00a0\u00bb]<\/p>\n<p class=\"p1\" style=\"text-align: center;\">Avec la m\u00e9thode Blake, la semelle, la premi\u00e8re de propret\u00e9 et la tige sont assembl\u00e9es en une seule \u00e9tape gr\u00e2ce \u00e0 une couture. Le r\u00e9sultat est une chaussure \u00e0 l&rsquo;esth\u00e9tique impeccable, r\u00e9sistante et confortable.<\/p>\n<p>[\/vc_column_text][\/vc_column][vc_column width=\u00a0\u00bb1\/2&Prime; el_class=\u00a0\u00bbcolfotobg_lavorazioni\u00a0\u00bb css=\u00a0\u00bb.vc_custom_1721828057952{background-image: url(https:\/\/www.king.it\/wp-content\/uploads\/2024\/07\/4_king_lavorazioni_blake.jpg?id=4696) !important;background-position: center !important;background-repeat: no-repeat !important;background-size: contain !important;}\u00a0\u00bb][\/vc_column][\/vc_row][vc_row full_width=\u00a0\u00bbstretch_row_content_no_spaces\u00a0\u00bb equal_height=\u00a0\u00bbyes\u00a0\u00bb content_placement=\u00a0\u00bbmiddle\u00a0\u00bb css=\u00a0\u00bb.vc_custom_1724755683985{margin-bottom: 60px !important;}\u00a0\u00bb el_class=\u00a0\u00bbriga_lavorazioni myreverse\u00a0\u00bb][vc_column width=\u00a0\u00bb1\/2&Prime; el_class=\u00a0\u00bbcolfotobg_artigianalita\u00a0\u00bb css=\u00a0\u00bb.vc_custom_1721828051840{background-image: url(https:\/\/www.king.it\/wp-content\/uploads\/2024\/07\/5_king_lavorazioni_strobel.jpg?id=4697) !important;background-position: center !important;background-repeat: no-repeat !important;background-size: contain !important;}\u00a0\u00bb][\/vc_column][vc_column width=\u00a0\u00bb1\/2&Prime; el_class=\u00a0\u00bbcolfotobg_lavorazioni\u00a0\u00bb][vc_custom_heading text=\u00a0\u00bbSTROBEL\u00a0\u00bb font_container=\u00a0\u00bbtag:h2|text_align:center\u00a0\u00bb use_theme_fonts=\u00a0\u00bbyes\u00a0\u00bb el_class=\u00a0\u00bbtitoloh5_brown\u00a0\u00bb][vc_column_text el_class=\u00a0\u00bbparagrafo_blocco\u00a0\u00bb]<\/p>\n<p class=\"p1\" style=\"text-align: center;\">R\u00e9alis\u00e9e avec des machines sp\u00e9cialement con\u00e7ues, cette couture particuli\u00e8re permet de relier la tige \u00e0 la premi\u00e8re de propret\u00e9. La construction Strobel contribue \u00e0 la r\u00e9duction du poids, rendant cette m\u00e9thode particuli\u00e8rement adapt\u00e9e pour garantir un confort sup\u00e9rieur.<\/p>\n<p>[\/vc_column_text][\/vc_column][\/vc_row][vc_row full_width=\u00a0\u00bbstretch_row_content\u00a0\u00bb content_placement=\u00a0\u00bbmiddle\u00a0\u00bb css=\u00a0\u00bb.vc_custom_1724755646196{background-position: center !important;background-repeat: no-repeat !important;background-size: cover !important;}\u00a0\u00bb el_class=\u00a0\u00bbowlcarousel_lavorazioni\u00a0\u00bb][vc_column]\n<script src=\"https:\/\/cdnjs.cloudflare.com\/ajax\/libs\/jquery.imagesloaded\/4.1.4\/imagesloaded.pkgd.min.js\"><\/script>\n\n\n\t<script>\n\n\n(function($){\n    $(window).load(function() {\n        $('#real_carousel').imagesLoaded(function() {\n            $('#real_carousel .owl-carousel').owlCarousel({\n                margin:10,\n                loop:true,\n                autoplay:true,\n                items:1,\n                nav:true,\n                responsive:{\n                    0:{\n                        items:1\n                    },\n                    600:{\n                        items:1                    },\n                    1000:{\n                        items:1                    }\n                }\n            });\n        });\n    });\n})(jQuery);\n\n\n<\/script>\n\n\n\t<div id=\"real_carousel\">\n\t<div class=\"owl-carousel owl-theme\">\n\n\t\n\t\t<div class=\"item\" style=\"background-image:url('https:\/\/www.king.it\/wp-content\/uploads\/2024\/07\/1_king_lavorazioni_1.jpg');\"><\/div>\n\n\t\n\t\t<div class=\"item\" style=\"background-image:url('https:\/\/www.king.it\/wp-content\/uploads\/2024\/07\/1_king_lavorazioni_2.jpg');\"><\/div>\n\n\t\n\t\t<div class=\"item\" style=\"background-image:url('https:\/\/www.king.it\/wp-content\/uploads\/2024\/07\/1_king_lavorazioni_3.jpg');\"><\/div>\n\n\t\n\t<\/div>\n\t<\/div>\n\n[\/vc_column][\/vc_row]<\/p>\n<\/div>","protected":false},"excerpt":{"rendered":"<p>[vc_row full_width=\u00a0\u00bbstretch_row_content\u00a0\u00bb content_placement=\u00a0\u00bbmiddle\u00a0\u00bb css=\u00a0\u00bb.vc_custom_1721826045229{background-image: url(https:\/\/www.king.it\/wp-content\/uploads\/2024\/07\/1_king_lavorazioni_3.jpg?id=4658) !important;background-position: center !important;background-repeat: no-repeat !important;background-size: cover !important;}\u00a0\u00bb el_class=\u00a0\u00bbbanner_copertina\u00a0\u00bb][vc_column css=\u00a0\u00bb.vc_custom_1711624547439{background-position: center !important;background-repeat: no-repeat !important;background-size: cover !important;}\u00a0\u00bb][vc_custom_heading text=\u00a0\u00bbTRAITEMENTS\u00a0\u00bb font_container=\u00a0\u00bbtag:h1|text_align:center\u00a0\u00bb use_theme_fonts=\u00a0\u00bbyes\u00a0\u00bb el_class=\u00a0\u00bbtitolo_headpagina\u00a0\u00bb][vc_column_text el_class=\u00a0\u00bbsottitolo_headpagina\u00a0\u00bb]Artisanat et innovation technologique dans la production de chaussures de haute qualit\u00e9.[\/vc_column_text][\/vc_column][\/vc_row][vc_row full_width=\u00a0\u00bbstretch_row_content_no_spaces\u00a0\u00bb equal_height=\u00a0\u00bbyes\u00a0\u00bb content_placement=\u00a0\u00bbmiddle\u00a0\u00bb el_class=\u00a0\u00bbmtop-60 riga_lavorazioni myreverse ptop\u00a0\u00bb][vc_column width=\u00a0\u00bb1\/2&Prime; el_class=\u00a0\u00bbcolfotobg_lavorazioni\u00a0\u00bb css=\u00a0\u00bb.vc_custom_1721828078165{background-image: url(https:\/\/www.king.it\/wp-content\/uploads\/2024\/07\/1_king_lavorazioni_tinto-in-capo.jpg?id=4693) !important;background-position: center !important;background-repeat: no-repeat !important;background-size: contain !important;}\u00a0\u00bb][\/vc_column][vc_column width=\u00a0\u00bb1\/2&Prime;&hellip;<\/p>\n","protected":false},"author":1,"featured_media":0,"parent":0,"menu_order":0,"comment_status":"closed","ping_status":"closed","template":"","meta":{"footnotes":""},"class_list":["post-5661","page","type-page","status-publish","hentry"],"_links":{"self":[{"href":"https:\/\/www.king.it\/fr\/wp-json\/wp\/v2\/pages\/5661","targetHints":{"allow":["GET"]}}],"collection":[{"href":"https:\/\/www.king.it\/fr\/wp-json\/wp\/v2\/pages"}],"about":[{"href":"https:\/\/www.king.it\/fr\/wp-json\/wp\/v2\/types\/page"}],"author":[{"embeddable":true,"href":"https:\/\/www.king.it\/fr\/wp-json\/wp\/v2\/users\/1"}],"replies":[{"embeddable":true,"href":"https:\/\/www.king.it\/fr\/wp-json\/wp\/v2\/comments?post=5661"}],"version-history":[{"count":9,"href":"https:\/\/www.king.it\/fr\/wp-json\/wp\/v2\/pages\/5661\/revisions"}],"predecessor-version":[{"id":7197,"href":"https:\/\/www.king.it\/fr\/wp-json\/wp\/v2\/pages\/5661\/revisions\/7197"}],"wp:attachment":[{"href":"https:\/\/www.king.it\/fr\/wp-json\/wp\/v2\/media?parent=5661"}],"curies":[{"name":"wp","href":"https:\/\/api.w.org\/{rel}","templated":true}]}}