{"id":5658,"date":"2024-03-28T08:46:03","date_gmt":"2024-03-28T06:46:03","guid":{"rendered":"https:\/\/www.king.it\/historie"},"modified":"2024-09-24T12:23:37","modified_gmt":"2024-09-24T10:23:37","slug":"historie","status":"publish","type":"page","link":"https:\/\/www.king.it\/fr\/historie","title":{"rendered":"Historie"},"content":{"rendered":"<div class=\"wpb-content-wrapper\"><p>[vc_row full_width=\u00a0\u00bbstretch_row_content\u00a0\u00bb content_placement=\u00a0\u00bbmiddle\u00a0\u00bb css=\u00a0\u00bb.vc_custom_1720168231453{background-image: url(https:\/\/www.king.it\/wp-content\/uploads\/2024\/07\/king_foto_storia.jpg?id=4912) !important;background-position: center !important;background-repeat: no-repeat !important;background-size: cover !important;}\u00a0\u00bb el_class=\u00a0\u00bbbanner_copertina\u00a0\u00bb][vc_column css=\u00a0\u00bb.vc_custom_1711624547439{background-position: center !important;background-repeat: no-repeat !important;background-size: cover !important;}\u00a0\u00bb][vc_custom_heading text=\u00a0\u00bbHISTOIRE\u00a0\u00bb font_container=\u00a0\u00bbtag:h1|text_align:center\u00a0\u00bb use_theme_fonts=\u00a0\u00bbyes\u00a0\u00bb css=\u00a0\u00bb.vc_custom_1720175505154{margin-bottom: 30px !important;}\u00a0\u00bb el_class=\u00a0\u00bbtitolo_headpagina\u00a0\u00bb][vc_column_text el_class=\u00a0\u00bbsottitolo_headpagina\u00a0\u00bb]Bienvenue dans le monde fascinant de King Tartufoli, o\u00f9 la mode rencontre la tradition, dans les collines des Marches, depuis plus de 60 ans.[\/vc_column_text][\/vc_column][\/vc_row][vc_row full_width=\u00a0\u00bbstretch_row_content\u00a0\u00bb][vc_column][vc_empty_space height=\u00a0\u00bb60px\u00a0\u00bb][vc_column_text el_class=\u00a0\u00bbmybloccotesto\u00a0\u00bb]<\/p>\n<p style=\"text-align: center;\">Tout a commenc\u00e9 avec le jeune Giovanni Tartufoli, un artisan passionn\u00e9 qui, en 1953, a commenc\u00e9 \u00e0 fa\u00e7onner ses premi\u00e8res chaussures sur le toit de sa maison. \u00c0 seulement 13 ans, en observant avec curiosit\u00e9 les artisans locaux, il a d\u00e9cid\u00e9 d&rsquo;apprendre le m\u00e9tier qui allait r\u00e9volutionner son avenir.<\/p>\n<p style=\"text-align: center;\">Le choix du nom &lsquo;King&rsquo; repr\u00e9sente une touche de style qui remonte \u00e0 l&rsquo;\u00e9poque o\u00f9 les noms anglais \u00e9taient tr\u00e8s \u00e0 la mode. Pour donner une dimension internationale \u00e0 l&rsquo;entreprise, Giovanni a opt\u00e9 pour ce nom royal qui rappelle une \u00e9poque o\u00f9 la mode et le choix d&rsquo;un nom \u00e9taient \u00e9troitement li\u00e9s. C&rsquo;est ainsi que KING TARTUFOLI est n\u00e9, pour \u00e9voquer un sentiment de prestige et de puissance li\u00e9 \u00e0 la tradition.<\/p>\n<p style=\"text-align: center;\">Aujourd&rsquo;hui, la marque est port\u00e9e avec passion et d\u00e9vouement par ses enfants, Sofia et Giacomo Tartufoli.<\/p>\n<p>[\/vc_column_text][\/vc_column][\/vc_row][vc_section content_placement=\u00a0\u00bbmiddle\u00a0\u00bb el_class=\u00a0\u00bbrigafototesto\u00a0\u00bb][vc_row full_width=\u00a0\u00bbstretch_row_content\u00a0\u00bb equal_height=\u00a0\u00bbyes\u00a0\u00bb content_placement=\u00a0\u00bbmiddle\u00a0\u00bb][vc_column width=\u00a0\u00bb1\/2&Prime; css=\u00a0\u00bb.vc_custom_1727173403830{background-image: url(https:\/\/www.king.it\/wp-content\/uploads\/2023\/10\/chi-siamo-la-foto-copia-1-1.jpg?id=2402) !important;background-position: center !important;background-repeat: no-repeat !important;background-size: cover !important;}\u00a0\u00bb el_class=\u00a0\u00bbfotoboxstoria\u00a0\u00bb offset=\u00a0\u00bbvc_col-md-6 vc_col-xs-12&Prime;][\/vc_column][vc_column width=\u00a0\u00bb1\/2&Prime; el_class=\u00a0\u00bbcolfotobg_artigianalita col_media_txt\u00a0\u00bb][vc_column_text el_class=\u00a0\u00bbtxt_storia_col\u00a0\u00bb]Chaque chaussure que nous produisons est bien plus qu&rsquo;un simple objet; c&rsquo;est une histoire, notre histoire. Nous explorons de nouvelles voies sans oublier nos racines, en fusionnant tradition et exp\u00e9rience avec une approche contemporaine. La qualit\u00e9 des mati\u00e8res premi\u00e8res et le professionnalisme de nos collaborateurs sont pour nous des valeurs incontournables.[\/vc_column_text][vc_empty_space height=\u00a0\u00bb30px\u00a0\u00bb][vc_column_text el_class=\u00a0\u00bbtxt_storia_col\u00a0\u00bb]Sofia e Giacomo[\/vc_column_text][\/vc_column][\/vc_row][\/vc_section][vc_row full_width=\u00a0\u00bbstretch_row_content\u00a0\u00bb css=\u00a0\u00bb.vc_custom_1720011944017{margin-bottom: 30px !important;}\u00a0\u00bb][vc_column][vc_custom_heading text=\u00a0\u00bbSOUVENIRS VINTAGE\u00a0\u00bb font_container=\u00a0\u00bbtag:h4|text_align:center\u00a0\u00bb use_theme_fonts=\u00a0\u00bbyes\u00a0\u00bb css=\u00a0\u00bb.vc_custom_1715852992915{margin-bottom: 30px !important;}\u00a0\u00bb el_class=\u00a0\u00bbmytitleparag\u00a0\u00bb]\n<script src=\"https:\/\/cdnjs.cloudflare.com\/ajax\/libs\/jquery.imagesloaded\/4.1.4\/imagesloaded.pkgd.min.js\"><\/script>\n\n\n\t<script>\n\n\n(function($){\n    $(window).load(function() {\n        $('#real_carousel').imagesLoaded(function() {\n            $('#real_carousel .owl-carousel').owlCarousel({\n                margin:10,\n                loop:true,\n                autoplay:true,\n                items:3,\n                nav:true,\n                responsive:{\n                    0:{\n                        items:1\n                    },\n                    600:{\n                        items:2                    },\n                    1000:{\n                        items:3                    }\n                }\n            });\n        });\n    });\n})(jQuery);\n\n\n<\/script>\n\n\n\t<div id=\"real_carousel\">\n\t<div class=\"owl-carousel owl-theme\">\n\n\t\n\t\t<div class=\"item\" style=\"background-image:url('https:\/\/www.king.it\/wp-content\/uploads\/2024\/07\/king_amarcord_01.jpg');\"><\/div>\n\n\t\n\t\t<div class=\"item\" style=\"background-image:url('https:\/\/www.king.it\/wp-content\/uploads\/2024\/07\/king_amarcord_02.jpg');\"><\/div>\n\n\t\n\t\t<div class=\"item\" style=\"background-image:url('https:\/\/www.king.it\/wp-content\/uploads\/2024\/07\/king_amarcord_03.jpg');\"><\/div>\n\n\t\n\t\t<div class=\"item\" style=\"background-image:url('https:\/\/www.king.it\/wp-content\/uploads\/2024\/07\/king_amarcord_04.jpg');\"><\/div>\n\n\t\n\t\t<div class=\"item\" style=\"background-image:url('https:\/\/www.king.it\/wp-content\/uploads\/2024\/07\/king_amarcord_05.jpg');\"><\/div>\n\n\t\n\t\t<div class=\"item\" style=\"background-image:url('https:\/\/www.king.it\/wp-content\/uploads\/2024\/07\/king_amarcord_06.jpg');\"><\/div>\n\n\t\n\t\t<div class=\"item\" style=\"background-image:url('https:\/\/www.king.it\/wp-content\/uploads\/2024\/07\/king_amarcord_07.jpg');\"><\/div>\n\n\t\n\t\t<div class=\"item\" style=\"background-image:url('https:\/\/www.king.it\/wp-content\/uploads\/2024\/07\/king_amarcord_08.jpg');\"><\/div>\n\n\t\n\t\t<div class=\"item\" style=\"background-image:url('https:\/\/www.king.it\/wp-content\/uploads\/2024\/07\/king_amarcord_09.jpg');\"><\/div>\n\n\t\n\t\t<div class=\"item\" style=\"background-image:url('https:\/\/www.king.it\/wp-content\/uploads\/2024\/07\/king_amarcord_10.jpg');\"><\/div>\n\n\t\n\t\t<div class=\"item\" style=\"background-image:url('https:\/\/www.king.it\/wp-content\/uploads\/2024\/07\/king_amarcord_12.jpg');\"><\/div>\n\n\t\n\t\t<div class=\"item\" style=\"background-image:url('https:\/\/www.king.it\/wp-content\/uploads\/2024\/07\/king_amarcord_13.jpg');\"><\/div>\n\n\t\n\t\t<div class=\"item\" style=\"background-image:url('https:\/\/www.king.it\/wp-content\/uploads\/2024\/07\/king_amarcord_14.jpg');\"><\/div>\n\n\t\n\t<\/div>\n\t<\/div>\n\n[\/vc_column][\/vc_row]<\/p>\n<\/div>","protected":false},"excerpt":{"rendered":"<p>[vc_row full_width=\u00a0\u00bbstretch_row_content\u00a0\u00bb content_placement=\u00a0\u00bbmiddle\u00a0\u00bb css=\u00a0\u00bb.vc_custom_1720168231453{background-image: url(https:\/\/www.king.it\/wp-content\/uploads\/2024\/07\/king_foto_storia.jpg?id=4912) !important;background-position: center !important;background-repeat: no-repeat !important;background-size: cover !important;}\u00a0\u00bb el_class=\u00a0\u00bbbanner_copertina\u00a0\u00bb][vc_column css=\u00a0\u00bb.vc_custom_1711624547439{background-position: center !important;background-repeat: no-repeat !important;background-size: cover !important;}\u00a0\u00bb][vc_custom_heading text=\u00a0\u00bbHISTOIRE\u00a0\u00bb font_container=\u00a0\u00bbtag:h1|text_align:center\u00a0\u00bb use_theme_fonts=\u00a0\u00bbyes\u00a0\u00bb css=\u00a0\u00bb.vc_custom_1720175505154{margin-bottom: 30px !important;}\u00a0\u00bb el_class=\u00a0\u00bbtitolo_headpagina\u00a0\u00bb][vc_column_text el_class=\u00a0\u00bbsottitolo_headpagina\u00a0\u00bb]Bienvenue dans le monde fascinant de King Tartufoli, o\u00f9 la mode rencontre la tradition, dans les collines des Marches, depuis plus de 60 ans.[\/vc_column_text][\/vc_column][\/vc_row][vc_row full_width=\u00a0\u00bbstretch_row_content\u00a0\u00bb][vc_column][vc_empty_space height=\u00a0\u00bb60px\u00a0\u00bb][vc_column_text el_class=\u00a0\u00bbmybloccotesto\u00a0\u00bb] Tout&hellip;<\/p>\n","protected":false},"author":1,"featured_media":0,"parent":0,"menu_order":0,"comment_status":"closed","ping_status":"closed","template":"","meta":{"footnotes":""},"class_list":["post-5658","page","type-page","status-publish","hentry"],"_links":{"self":[{"href":"https:\/\/www.king.it\/fr\/wp-json\/wp\/v2\/pages\/5658","targetHints":{"allow":["GET"]}}],"collection":[{"href":"https:\/\/www.king.it\/fr\/wp-json\/wp\/v2\/pages"}],"about":[{"href":"https:\/\/www.king.it\/fr\/wp-json\/wp\/v2\/types\/page"}],"author":[{"embeddable":true,"href":"https:\/\/www.king.it\/fr\/wp-json\/wp\/v2\/users\/1"}],"replies":[{"embeddable":true,"href":"https:\/\/www.king.it\/fr\/wp-json\/wp\/v2\/comments?post=5658"}],"version-history":[{"count":3,"href":"https:\/\/www.king.it\/fr\/wp-json\/wp\/v2\/pages\/5658\/revisions"}],"predecessor-version":[{"id":7373,"href":"https:\/\/www.king.it\/fr\/wp-json\/wp\/v2\/pages\/5658\/revisions\/7373"}],"wp:attachment":[{"href":"https:\/\/www.king.it\/fr\/wp-json\/wp\/v2\/media?parent=5658"}],"curies":[{"name":"wp","href":"https:\/\/api.w.org\/{rel}","templated":true}]}}