{"id":5655,"date":"2024-03-28T08:47:33","date_gmt":"2024-03-28T08:47:33","guid":{"rendered":"https:\/\/www.king.it\/artisanat"},"modified":"2024-08-27T10:50:10","modified_gmt":"2024-08-27T10:50:10","slug":"artisanat","status":"publish","type":"page","link":"https:\/\/www.king.it\/fr\/artisanat","title":{"rendered":"Artisanat"},"content":{"rendered":"<div class=\"wpb-content-wrapper\"><p>[vc_row full_width=\u00a0\u00bbstretch_row_content\u00a0\u00bb content_placement=\u00a0\u00bbmiddle\u00a0\u00bb el_class=\u00a0\u00bbbanner_copertina\u00a0\u00bb css=\u00a0\u00bb.vc_custom_1720168293307{background-image: url(https:\/\/www.king.it\/wp-content\/uploads\/2024\/07\/king_artigianalita_05.jpg?id=4632) !important;background-position: center !important;background-repeat: no-repeat !important;background-size: cover !important;}\u00a0\u00bb][vc_column][vc_custom_heading text=\u00a0\u00bbARTISANAT\u00a0\u00bb font_container=\u00a0\u00bbtag:h4|text_align:center\u00a0\u00bb use_theme_fonts=\u00a0\u00bbyes\u00a0\u00bb el_class=\u00a0\u00bbtitolo_headpagina\u00a0\u00bb][vc_column_text el_class=\u00a0\u00bbsottitolo_headpagina\u00a0\u00bb]D\u00e9dication \u00e0 l&rsquo;artisanat sans compromis. Depuis 1960, nous avons perfectionn\u00e9 nos comp\u00e9tences, transformant chaque chaussure en une \u0153uvre d&rsquo;art qui allie tradition et innovation.[\/vc_column_text][\/vc_column][\/vc_row][vc_row full_width=\u00a0\u00bbstretch_row_content\u00a0\u00bb equal_height=\u00a0\u00bbyes\u00a0\u00bb content_placement=\u00a0\u00bbmiddle\u00a0\u00bb el_class=\u00a0\u00bbmyreverse\u00a0\u00bb][vc_column width=\u00a0\u00bb1\/2&Prime; css=\u00a0\u00bb.vc_custom_1720000146566{background: #c1c1c1 url(https:\/\/www.king.it\/wp-content\/uploads\/2024\/07\/king_artigianalita_01.jpg?id=4606) !important;background-position: center !important;background-repeat: no-repeat !important;background-size: cover !important;}\u00a0\u00bb el_class=\u00a0\u00bbcolfotobg_artigianalita\u00a0\u00bb][\/vc_column][vc_column width=\u00a0\u00bb1\/2&Prime; el_class=\u00a0\u00bbcolfotobg_artigianalita\u00a0\u00bb css=\u00a0\u00bb.vc_custom_1715855217993{background-color: #edce9f !important;}\u00a0\u00bb][vc_custom_heading text=\u00a0\u00bbMAT\u00c9RIAUX\u00a0\u00bb font_container=\u00a0\u00bbtag:h6|text_align:center|color:%23685339&Prime; use_theme_fonts=\u00a0\u00bbyes\u00a0\u00bb el_class=\u00a0\u00bbtitoloh5_brown\u00a0\u00bb][vc_column_text el_class=\u00a0\u00bbparagrafo_blocco\u00a0\u00bb]Notre analyse m\u00e9ticuleuse des mat\u00e9riaux et des cuirs v\u00e9g\u00e9taux est une garantie de qualit\u00e9 impeccable. Dans chaque cr\u00e9ation, le choix minutieux des mati\u00e8res premi\u00e8res constitue le fondement solide de notre philosophie. Avec des yeux experts, nous fa\u00e7onnons chaque d\u00e9tail pour assurer une excellence sans compromis.[\/vc_column_text][\/vc_column][\/vc_row][vc_row full_width=\u00a0\u00bbstretch_row_content\u00a0\u00bb equal_height=\u00a0\u00bbyes\u00a0\u00bb content_placement=\u00a0\u00bbmiddle\u00a0\u00bb][vc_column width=\u00a0\u00bb1\/2&Prime; el_class=\u00a0\u00bbcolfotobg_artigianalita\u00a0\u00bb][vc_custom_heading text=\u00a0\u00bbCOUTURES QUI R\u00c9SISTENT AU TEMPS\u00a0\u00bb font_container=\u00a0\u00bbtag:h6|text_align:center|color:%23685339&Prime; use_theme_fonts=\u00a0\u00bbyes\u00a0\u00bb el_class=\u00a0\u00bbtitoloh5_brown\u00a0\u00bb][vc_column_text el_class=\u00a0\u00bbparagrafo_blocco\u00a0\u00bb]Des coutures ex\u00e9cut\u00e9es selon les r\u00e8gles de l&rsquo;art caract\u00e9risent les chaussures King Tartufoli. Con\u00e7ues pour r\u00e9sister au stress quotidien et aux torsions, elles garantissent solidit\u00e9 et robustesse dans le temps. Chaque paire de chaussures repr\u00e9sente le savoir-faire artisanal de la marque.[\/vc_column_text][\/vc_column][vc_column width=\u00a0\u00bb1\/2&Prime; el_class=\u00a0\u00bbcolfotobg_artigianalita\u00a0\u00bb css=\u00a0\u00bb.vc_custom_1720000199042{background: #e0e0e0 url(https:\/\/www.king.it\/wp-content\/uploads\/2024\/07\/king_artigianalita_02.jpg?id=4608) !important;background-position: center !important;background-repeat: no-repeat !important;background-size: cover !important;}\u00a0\u00bb][\/vc_column][\/vc_row][vc_row full_width=\u00a0\u00bbstretch_row_content\u00a0\u00bb equal_height=\u00a0\u00bbyes\u00a0\u00bb content_placement=\u00a0\u00bbmiddle\u00a0\u00bb el_class=\u00a0\u00bbmyreverse\u00a0\u00bb][vc_column width=\u00a0\u00bb1\/2&Prime; el_class=\u00a0\u00bbcolfotobg_artigianalita\u00a0\u00bb css=\u00a0\u00bb.vc_custom_1720000303581{background: #e0e0e0 url(https:\/\/www.king.it\/wp-content\/uploads\/2024\/07\/king_artigianalita_03.jpg?id=4609) !important;background-position: center !important;background-repeat: no-repeat !important;background-size: cover !important;}\u00a0\u00bb][\/vc_column][vc_column width=\u00a0\u00bb1\/2&Prime; el_class=\u00a0\u00bbcolfotobg_artigianalita\u00a0\u00bb css=\u00a0\u00bb.vc_custom_1721827988942{background-color: #534741 !important;}\u00a0\u00bb][vc_custom_heading text=\u00a0\u00bbFINITIONS D&rsquo;EXCELLENCE\u00a0\u00bb font_container=\u00a0\u00bbtag:h6|text_align:center\u00a0\u00bb use_theme_fonts=\u00a0\u00bbyes\u00a0\u00bb el_class=\u00a0\u00bbtitoloh5_lightbrown\u00a0\u00bb][vc_column_text el_class=\u00a0\u00bbparagrafo_blocco p_lightbrown\u00a0\u00bb]<\/p>\n<p class=\"p1\">La phase de finition est pour nous la plus importante, elle repr\u00e9sente la signature distinctive de nos cr\u00e9ations. Chaque chaussure est le r\u00e9sultat d&rsquo;un processus de fabrication m\u00e9ticuleux, qui inclut la teinture, le brossage, le polissage et le formage, fa\u00e7onnant ainsi une chaussure qui incarne l&rsquo;essence m\u00eame de l&rsquo;artisanat italien.<\/p>\n<p>[\/vc_column_text][\/vc_column][\/vc_row][vc_row full_width=\u00a0\u00bbstretch_row_content\u00a0\u00bb equal_height=\u00a0\u00bbyes\u00a0\u00bb content_placement=\u00a0\u00bbmiddle\u00a0\u00bb][vc_column width=\u00a0\u00bb1\/2&Prime; el_class=\u00a0\u00bbcolfotobg_artigianalita\u00a0\u00bb][vc_custom_heading text=\u00a0\u00bbARTISANS CONTEMPORAINS\u00a0\u00bb font_container=\u00a0\u00bbtag:h6|text_align:center|color:%23685339&Prime; use_theme_fonts=\u00a0\u00bbyes\u00a0\u00bb el_class=\u00a0\u00bbtitoloh5_brown\u00a0\u00bb][vc_column_text el_class=\u00a0\u00bbparagrafo_blocco\u00a0\u00bb]<\/p>\n<p class=\"p1\">Nos artisans experts perp\u00e9tuent un h\u00e9ritage d&rsquo;excellence transmis au fil du temps. Avec une ma\u00eetrise unique, ils unissent tradition et modernit\u00e9.<\/p>\n<p>[\/vc_column_text][\/vc_column][vc_column width=\u00a0\u00bb1\/2&Prime; el_class=\u00a0\u00bbcolfotobg_artigianalita\u00a0\u00bb css=\u00a0\u00bb.vc_custom_1720000246723{background: #e0e0e0 url(https:\/\/www.king.it\/wp-content\/uploads\/2024\/07\/king_artigianalita_04.jpg?id=4610) !important;background-position: center !important;background-repeat: no-repeat !important;background-size: cover !important;}\u00a0\u00bb][\/vc_column][\/vc_row]<\/p>\n<\/div>","protected":false},"excerpt":{"rendered":"<p>[vc_row full_width=\u00a0\u00bbstretch_row_content\u00a0\u00bb content_placement=\u00a0\u00bbmiddle\u00a0\u00bb el_class=\u00a0\u00bbbanner_copertina\u00a0\u00bb css=\u00a0\u00bb.vc_custom_1720168293307{background-image: url(https:\/\/www.king.it\/wp-content\/uploads\/2024\/07\/king_artigianalita_05.jpg?id=4632) !important;background-position: center !important;background-repeat: no-repeat !important;background-size: cover !important;}\u00a0\u00bb][vc_column][vc_custom_heading text=\u00a0\u00bbARTISANAT\u00a0\u00bb font_container=\u00a0\u00bbtag:h4|text_align:center\u00a0\u00bb use_theme_fonts=\u00a0\u00bbyes\u00a0\u00bb el_class=\u00a0\u00bbtitolo_headpagina\u00a0\u00bb][vc_column_text el_class=\u00a0\u00bbsottitolo_headpagina\u00a0\u00bb]D\u00e9dication \u00e0 l&rsquo;artisanat sans compromis. Depuis 1960, nous avons perfectionn\u00e9 nos comp\u00e9tences, transformant chaque chaussure en une \u0153uvre d&rsquo;art qui allie tradition et innovation.[\/vc_column_text][\/vc_column][\/vc_row][vc_row full_width=\u00a0\u00bbstretch_row_content\u00a0\u00bb equal_height=\u00a0\u00bbyes\u00a0\u00bb content_placement=\u00a0\u00bbmiddle\u00a0\u00bb el_class=\u00a0\u00bbmyreverse\u00a0\u00bb][vc_column width=\u00a0\u00bb1\/2&Prime; css=\u00a0\u00bb.vc_custom_1720000146566{background: #c1c1c1 url(https:\/\/www.king.it\/wp-content\/uploads\/2024\/07\/king_artigianalita_01.jpg?id=4606) !important;background-position: center !important;background-repeat: no-repeat !important;background-size: cover&hellip;<\/p>\n","protected":false},"author":1,"featured_media":0,"parent":0,"menu_order":0,"comment_status":"closed","ping_status":"closed","template":"","meta":{"footnotes":""},"class_list":["post-5655","page","type-page","status-publish","hentry"],"_links":{"self":[{"href":"https:\/\/www.king.it\/fr\/wp-json\/wp\/v2\/pages\/5655","targetHints":{"allow":["GET"]}}],"collection":[{"href":"https:\/\/www.king.it\/fr\/wp-json\/wp\/v2\/pages"}],"about":[{"href":"https:\/\/www.king.it\/fr\/wp-json\/wp\/v2\/types\/page"}],"author":[{"embeddable":true,"href":"https:\/\/www.king.it\/fr\/wp-json\/wp\/v2\/users\/1"}],"replies":[{"embeddable":true,"href":"https:\/\/www.king.it\/fr\/wp-json\/wp\/v2\/comments?post=5655"}],"version-history":[{"count":6,"href":"https:\/\/www.king.it\/fr\/wp-json\/wp\/v2\/pages\/5655\/revisions"}],"predecessor-version":[{"id":7193,"href":"https:\/\/www.king.it\/fr\/wp-json\/wp\/v2\/pages\/5655\/revisions\/7193"}],"wp:attachment":[{"href":"https:\/\/www.king.it\/fr\/wp-json\/wp\/v2\/media?parent=5655"}],"curies":[{"name":"wp","href":"https:\/\/api.w.org\/{rel}","templated":true}]}}